{"id":1434,"date":"2018-07-26T13:13:06","date_gmt":"2018-07-26T05:13:06","guid":{"rendered":"https:\/\/www.ismartmeters.com\/nuestra-empresa\/"},"modified":"2024-11-12T17:56:57","modified_gmt":"2024-11-12T09:56:57","slug":"nuestra-empresa","status":"publish","type":"page","link":"https:\/\/www.ismartmeters.com\/es\/nuestra-empresa\/","title":{"rendered":"Sobre nosotros"},"content":{"rendered":"<div class=\"fusion-fullwidth fullwidth-box nonhundred-percent-fullwidth non-hundred-percent-height-scrolling\"  style='background-color: rgba(255,255,255,0);background-position: center center;background-repeat: no-repeat;padding-top:0px;padding-right:0px;padding-bottom:0px;padding-left:0px;'><div class=\"fusion-builder-row fusion-row \"><div  class=\"fusion-layout-column fusion_builder_column fusion_builder_column_1_1  fusion-one-full fusion-column-first fusion-column-last 1_1\"  style='margin-top:0px;margin-bottom:20px;'>\n\t\t\t\t\t<div class=\"fusion-column-wrapper\" style=\"background-position:left top;background-repeat:no-repeat;-webkit-background-size:cover;-moz-background-size:cover;-o-background-size:cover;background-size:cover;\"  data-bg-url=\"\">\n\t\t\t\t\t\t<div class=\"fusion-title title fusion-sep-none fusion-title-size-two\" style=\"margin-top:0px;margin-bottom:31px;\"><h2 class=\"title-heading-left\">Nuestra Empresa<\/h2><\/div><div class=\"fusion-text\"><p>iSmart Meters Co., Ltd. es una empresa de alta tecnolog\u00eda que desarrolla equipos de medici\u00f3n, como medidores de energ\u00eda pospago inteligentes, medidores de energ\u00eda prepago y prepago inteligentes STS, medidores de agua prepago y prepago inteligentes STS y concentradores de datos, sistemas AMI, sistemas de medidores prepagos STS y cajas y accesorios de medidores prepagos RFP\/SMC relacionados para servicios p\u00fablicos de todo el mundo. En 1995, iSmart Meters se estableci\u00f3 en China. Ahora tenemos casi 20 000 metros cuadrados de oficinas de investigaci\u00f3n y desarrollo y un total de 150 000 metros cuadrados como centro de producci\u00f3n, as\u00ed como parques industriales para nuevos productos de redes inteligentes en Changsha de la provincia de Hunan, Wenzhou de la provincia de Zhejiang y otras ciudades de China. La capacidad de producci\u00f3n total de iSmart Meters puede alcanzar los 20 millones de unidades, que incluyen medidores inteligentes monof\u00e1sicos y trif\u00e1sicos, concentradores de datos inteligentes y otros tipos de productos relacionados con las redes inteligentes.<\/p>\n<p>Los medidores iSmart tambi\u00e9n aprobaron los informes de prueba de tipo de SCM y SICEM, y obtuvieron los certificados de membres\u00eda y de producto para el medidor de prepago inteligente monof\u00e1sico DDSY1598, el medidor de prepago inteligente trif\u00e1sico DTSY1598 y el concentrador de datos inteligente DCU1598 de la asociaci\u00f3n STS y la asociaci\u00f3n DLMS.<\/p>\n<p>Los productos desarrollados y suministrados por iSmart Meters, como los medidores de energ\u00eda y agua inteligentes anal\u00f3gicos a digitales, han ayudado a las empresas de servicios p\u00fablicos a facturar con precisi\u00f3n el consumo de electricidad y agua. Nuestros productos permiten a los usuarios medir con precisi\u00f3n sus necesidades, as\u00ed como proporcionar una soluci\u00f3n personalizada rentable, confiable y f\u00e1cil de usar.<\/p>\n<p>iSmart Meters se ha ganado su reputaci\u00f3n de proporcionar productos de alta calidad y servicios posventa, al mismo tiempo que responde r\u00e1pidamente a las demandas globales de dispositivos de medici\u00f3n creativos y precisos. Nuestra estrategia principal es satisfacer y servir a nuestros clientes como primer trabajo. iSmart Meters realiza un estudio sobre las necesidades del mercado en todo el mundo y desarrolla una gama completa de productos para demandas comerciales, industriales y residenciales. iSmart Meters Co., Ltd. ya ha vendido sus productos a pa\u00edses de Sudam\u00e9rica, Asia meridional, Oriente Medio y \u00c1frica, con millones de medidores hasta ahora.<\/p>\n<p>iSmart Meters cree firmemente que la cooperaci\u00f3n y los esfuerzos mutuos traer\u00e1n tanto a los clientes como a nosotros un futuro brillante en los mercados. iSmart Meters siempre trata las necesidades de los clientes como lo que la gente de iSmart Meters debe buscar respectivamente.<\/p>\n<\/div><div class=\"fusion-clearfix\"><\/div>\n\n\t\t\t\t\t<\/div>\n\t\t\t\t<\/div><div  class=\"fusion-layout-column fusion_builder_column fusion_builder_column_1_4  fusion-one-fourth fusion-column-first 1_4\"  style='margin-top:0px;margin-bottom:20px;width:25%;width:calc(25% - ( ( 4% + 4% + 4% ) * 0.25 ) );margin-right: 4%;'>\n\t\t\t\t\t<div class=\"fusion-column-wrapper\" style=\"background-position:left top;background-repeat:no-repeat;-webkit-background-size:cover;-moz-background-size:cover;-o-background-size:cover;background-size:cover;\"  data-bg-url=\"\">\n\t\t\t\t\t\t<div class=\"fusion-clearfix\"><\/div>\n\n\t\t\t\t\t<\/div>\n\t\t\t\t<\/div><div  class=\"fusion-layout-column fusion_builder_column fusion_builder_column_1_4  fusion-one-fourth 1_4\"  style='margin-top:0px;margin-bottom:20px;width:25%;width:calc(25% - ( ( 4% + 4% + 4% ) * 0.25 ) );margin-right: 4%;'>\n\t\t\t\t\t<div class=\"fusion-column-wrapper\" style=\"background-position:left top;background-repeat:no-repeat;-webkit-background-size:cover;-moz-background-size:cover;-o-background-size:cover;background-size:cover;\"  data-bg-url=\"\">\n\t\t\t\t\t\t<div class=\"fusion-clearfix\"><\/div>\n\n\t\t\t\t\t<\/div>\n\t\t\t\t<\/div><div  class=\"fusion-layout-column fusion_builder_column fusion_builder_column_1_4  fusion-one-fourth 1_4\"  style='margin-top:0px;margin-bottom:20px;width:25%;width:calc(25% - ( ( 4% + 4% + 4% ) * 0.25 ) );margin-right: 4%;'>\n\t\t\t\t\t<div class=\"fusion-column-wrapper\" style=\"background-position:left top;background-repeat:no-repeat;-webkit-background-size:cover;-moz-background-size:cover;-o-background-size:cover;background-size:cover;\"  data-bg-url=\"\">\n\t\t\t\t\t\t<div class=\"fusion-clearfix\"><\/div>\n\n\t\t\t\t\t<\/div>\n\t\t\t\t<\/div><div  class=\"fusion-layout-column fusion_builder_column fusion_builder_column_1_4  fusion-one-fourth fusion-column-last 1_4\"  style='margin-top:0px;margin-bottom:20px;width:25%;width:calc(25% - ( ( 4% + 4% + 4% ) * 0.25 ) );'>\n\t\t\t\t\t<div class=\"fusion-column-wrapper\" style=\"background-position:left top;background-repeat:no-repeat;-webkit-background-size:cover;-moz-background-size:cover;-o-background-size:cover;background-size:cover;\"  data-bg-url=\"\">\n\t\t\t\t\t\t<div class=\"fusion-clearfix\"><\/div>\n\n\t\t\t\t\t<\/div>\n\t\t\t\t<\/div><div  class=\"fusion-layout-column fusion_builder_column fusion_builder_column_1_1  fusion-one-full fusion-column-first fusion-column-last 1_1\"  style='margin-top:0px;margin-bottom:20px;'>\n\t\t\t\t\t<div class=\"fusion-column-wrapper\" style=\"background-position:left top;background-repeat:no-repeat;-webkit-background-size:cover;-moz-background-size:cover;-o-background-size:cover;background-size:cover;\"  data-bg-url=\"\">\n\t\t\t\t\t\t<div class=\"fusion-title title fusion-sep-none fusion-title-size-two\" style=\"margin-top:0px;margin-bottom:31px;\"><h2 class=\"title-heading-left\"><p style=\"text-align: left;\">Nuestra misi\u00f3n<\/p><\/h2><\/div><div class=\"fusion-text\"><p>iSmart Meters tiene como objetivo proporcionar un medidor preciso para medir correctamente el consumo;<\/p>\n<p>iSmart Meters sirve para que tanto las empresas el\u00e9ctricas como los usuarios finales est\u00e9n satisfechos con la factura;<\/p>\n<p>iSmart Meters mejora para impulsar un ecosistema interno para competir en todo el mundo;<\/p>\n<p>iSmart Meters se construye para crear una red global segura y estable para operar mejor;<\/p>\n<p>iSmart Meters se esfuerza por hacer un mejor trabajo para brindar un entorno pac\u00edfico y econ\u00f3mico.<\/p>\n<\/div><div class=\"fusion-clearfix\"><\/div>\n\n\t\t\t\t\t<\/div>\n\t\t\t\t<\/div><\/div><\/div>\n","protected":false},"excerpt":{"rendered":"","protected":false},"author":1,"featured_media":0,"parent":0,"menu_order":2,"comment_status":"closed","ping_status":"closed","template":"contact.php","meta":{"_uf_show_specific_survey":0,"_uf_disable_surveys":false,"footnotes":""},"class_list":["post-1434","page","type-page","status-publish","hentry"],"aioseo_notices":[],"_links":{"self":[{"href":"https:\/\/www.ismartmeters.com\/es\/wp-json\/wp\/v2\/pages\/1434","targetHints":{"allow":["GET"]}}],"collection":[{"href":"https:\/\/www.ismartmeters.com\/es\/wp-json\/wp\/v2\/pages"}],"about":[{"href":"https:\/\/www.ismartmeters.com\/es\/wp-json\/wp\/v2\/types\/page"}],"author":[{"embeddable":true,"href":"https:\/\/www.ismartmeters.com\/es\/wp-json\/wp\/v2\/users\/1"}],"replies":[{"embeddable":true,"href":"https:\/\/www.ismartmeters.com\/es\/wp-json\/wp\/v2\/comments?post=1434"}],"version-history":[{"count":13,"href":"https:\/\/www.ismartmeters.com\/es\/wp-json\/wp\/v2\/pages\/1434\/revisions"}],"predecessor-version":[{"id":4405,"href":"https:\/\/www.ismartmeters.com\/es\/wp-json\/wp\/v2\/pages\/1434\/revisions\/4405"}],"wp:attachment":[{"href":"https:\/\/www.ismartmeters.com\/es\/wp-json\/wp\/v2\/media?parent=1434"}],"curies":[{"name":"wp","href":"https:\/\/api.w.org\/{rel}","templated":true}]}}