{"id":1446,"date":"2018-07-26T13:32:09","date_gmt":"2018-07-26T05:32:09","guid":{"rendered":"https:\/\/www.ismartmeters.com\/productos\/medidor-de-energia-inteligente\/"},"modified":"2018-07-26T13:32:10","modified_gmt":"2018-07-26T05:32:10","slug":"medidor-de-energia-inteligente","status":"publish","type":"page","link":"https:\/\/www.ismartmeters.com\/es\/productos\/medidor-de-energia-inteligente\/","title":{"rendered":"Medidor de energ\u00eda inteligente"},"content":{"rendered":"<div class=\"fusion-fullwidth fullwidth-box nonhundred-percent-fullwidth non-hundred-percent-height-scrolling\"  style='background-color: rgba(255,255,255,0);background-position: center center;background-repeat: no-repeat;padding-top:0px;padding-right:0px;padding-bottom:0px;padding-left:0px;'><div class=\"fusion-builder-row fusion-row \"><div  class=\"fusion-layout-column fusion_builder_column fusion_builder_column_1_1  fusion-one-full fusion-column-first fusion-column-last 1_1\"  style='margin-top:0px;margin-bottom:20px;'>\n\t\t\t\t\t<div class=\"fusion-column-wrapper\" style=\"background-position:left top;background-repeat:no-repeat;-webkit-background-size:cover;-moz-background-size:cover;-o-background-size:cover;background-size:cover;\"  data-bg-url=\"\">\n\t\t\t\t\t\t<style type=\"text\/css\">.fusion-portfolio-wrapper#fusion-portfolio-1 .fusion-portfolio-content{  text-align: center; }<\/style><div class=\"fusion-recent-works fusion-portfolio-element fusion-portfolio fusion-portfolio-1 fusion-portfolio-grid fusion-portfolio-paging-none fusion-portfolio-three fusion-portfolio-unboxed fusion-portfolio-text fusion-portfolio-equal-heights fusion-portfolio-rollover\" data-id=\"-rw-1\" data-columns=\"three\"><div role=\"menubar\"><ul class=\"fusion-filters\" role=\"menu\" aria-label=\"filters\"><li role=\"menuitem\" class=\"fusion-filter fusion-filter-all fusion-active\"><a href=\"#\" data-filter=\"*\">All<\/a><\/li><\/ul><\/div><style type=\"text\/css\">.fusion-portfolio-1 .fusion-portfolio-wrapper .fusion-col-spacing{padding:10px;}<\/style><div class=\"fusion-portfolio-wrapper\" id=\"fusion-portfolio-1\" data-picturesize=\"auto\" data-pages=\"1\" style=\"margin:-10px;\"><article class=\"fusion-portfolio-post medidor-de-norma-ansi-es fusion-col-spacing\"><div class=\"fusion-portfolio-content-wrapper\" style=\"border:none;\">\n\t\n\t\t\t<span class=\"vcard rich-snippet-hidden\">\n\t\t\t<span class=\"fn\">\n\t\t\t\t<a href=\"https:\/\/www.ismartmeters.com\/es\/author\/ismartme_patrick\/\" title=\"Entradas de ismartme_patrick\" rel=\"author\">ismartme_patrick<\/a>\t\t\t<\/span>\n\t\t<\/span>\n\t\n\t\t\t<span class=\"updated rich-snippet-hidden\">\n\t\t\t2019-05-02T19:49:33+08:00\t\t<\/span>\n\t\n\n\n<div  class=\"fusion-image-wrapper\" aria-haspopup=\"true\">\n\t\n\t\n\t\t\n\t\t\t\t\t<img loading=\"lazy\" decoding=\"async\" width=\"1000\" height=\"1000\" src=\"https:\/\/www.ismartmeters.com\/wp-content\/uploads\/2017\/10\/Single-Phase-FM-2S-ANSI-Round-Energy-Meter-1-400x400.png\" class=\"attachment-full size-full wp-post-image\" alt=\"Single Phase FM 1S 2S ANSI Round Energy Meter\" srcset=\"https:\/\/www.ismartmeters.com\/wp-content\/uploads\/2017\/10\/Single-Phase-FM-2S-ANSI-Round-Energy-Meter-1-200x200.png 200w, https:\/\/www.ismartmeters.com\/wp-content\/uploads\/2017\/10\/Single-Phase-FM-2S-ANSI-Round-Energy-Meter-1-400x400.png 400w, https:\/\/www.ismartmeters.com\/wp-content\/uploads\/2017\/10\/Single-Phase-FM-2S-ANSI-Round-Energy-Meter-1-600x600.png 600w, https:\/\/www.ismartmeters.com\/wp-content\/uploads\/2017\/10\/Single-Phase-FM-2S-ANSI-Round-Energy-Meter-1-800x800.png 800w, https:\/\/www.ismartmeters.com\/wp-content\/uploads\/2017\/10\/Single-Phase-FM-2S-ANSI-Round-Energy-Meter-1.png 1000w\" sizes=\"auto, (min-width: 2200px) 100vw, (min-width: 784px) 353px, (min-width: 712px) 530px, (min-width: 640px) 712px, \" \/>\n\t\n\n\t\t<div class=\"fusion-rollover\">\n\t<div class=\"fusion-rollover-content\">\n\n\t\t\t\t\t\t\t\t\t\t\t\t\t\t<a class=\"fusion-rollover-link\" href=\"https:\/\/www.ismartmeters.com\/es\/products\/medidor-de-energia-monofasico-ansi-dds1598\/\">Medidor de energ\u00eda monof\u00e1sico ANSI DDS1598<\/a>\n\t\t\t\n\t\t\t\t\t\t\t\t\t\t\t\t\t\t\n\t\t\t\t\t\t\t\t\n\t\t\t\t\t\t\t\t\t\t\t\t\t<div class=\"fusion-rollover-sep\"><\/div>\n\t\t\t\t\n\t\t\t\t\t\t\t\t\t\t\t\t\t\t\t\t\t\t<a class=\"fusion-rollover-gallery\" href=\"https:\/\/www.ismartmeters.com\/wp-content\/uploads\/2017\/10\/Single-Phase-FM-2S-ANSI-Round-Energy-Meter-1.png\" data-id=\"1615\" data-rel=\"iLightbox[gallery-rw-1]\" data-title=\"Single Phase FM 2S ANSI Round Energy Meter\" data-caption=\"Single Phase FM 1S 2S ANSI Round Energy Meter\">\n\t\t\t\t\t\tGallery\t\t\t\t\t<\/a>\n\t\t\t\t\t\t\t\t\t\t\t\t\t\t\n\t\t\t\t\n\t\t\t\t\t\t\t\t\n\t\t\t\t\t\t\t\t\n\t\t\n\t\t\t\t<a class=\"fusion-link-wrapper\" href=\"https:\/\/www.ismartmeters.com\/es\/products\/medidor-de-energia-monofasico-ansi-dds1598\/\" aria-label=\"Medidor de energ\u00eda monof\u00e1sico ANSI DDS1598\"><\/a>\n\t<\/div>\n<\/div>\n\n\t\n<\/div>\n<div class=\"fusion-portfolio-content\"><h2 class=\"entry-title fusion-post-title\"><a href=\"https:\/\/www.ismartmeters.com\/es\/products\/medidor-de-energia-monofasico-ansi-dds1598\/\">Medidor de energ\u00eda monof\u00e1sico ANSI DDS1598<\/a><\/h2><div class=\"fusion-post-content\"><\/div><\/div><\/div><\/article><article class=\"fusion-portfolio-post medidor-de-tipo-bs-es fusion-col-spacing\"><div class=\"fusion-portfolio-content-wrapper\" style=\"border:none;\">\n\t\n\t\t\t<span class=\"vcard rich-snippet-hidden\">\n\t\t\t<span class=\"fn\">\n\t\t\t\t<a href=\"https:\/\/www.ismartmeters.com\/es\/author\/ismartme_patrick\/\" title=\"Entradas de ismartme_patrick\" rel=\"author\">ismartme_patrick<\/a>\t\t\t<\/span>\n\t\t<\/span>\n\t\n\t\t\t<span class=\"updated rich-snippet-hidden\">\n\t\t\t2019-05-02T19:50:35+08:00\t\t<\/span>\n\t\n\n\n<div  class=\"fusion-image-wrapper\" aria-haspopup=\"true\">\n\t\n\t\n\t\t\n\t\t\t\t\t<img loading=\"lazy\" decoding=\"async\" width=\"1000\" height=\"1000\" src=\"https:\/\/www.ismartmeters.com\/wp-content\/uploads\/2017\/10\/Two-Phase-Three-Wire-Energy-Meter-2-400x400.png\" class=\"attachment-full size-full wp-post-image\" alt=\"Two Phase Three Wire Energy Meter\" srcset=\"https:\/\/www.ismartmeters.com\/wp-content\/uploads\/2017\/10\/Two-Phase-Three-Wire-Energy-Meter-2-200x200.png 200w, https:\/\/www.ismartmeters.com\/wp-content\/uploads\/2017\/10\/Two-Phase-Three-Wire-Energy-Meter-2-400x400.png 400w, https:\/\/www.ismartmeters.com\/wp-content\/uploads\/2017\/10\/Two-Phase-Three-Wire-Energy-Meter-2-600x600.png 600w, https:\/\/www.ismartmeters.com\/wp-content\/uploads\/2017\/10\/Two-Phase-Three-Wire-Energy-Meter-2-800x800.png 800w, https:\/\/www.ismartmeters.com\/wp-content\/uploads\/2017\/10\/Two-Phase-Three-Wire-Energy-Meter-2.png 1000w\" sizes=\"auto, (min-width: 2200px) 100vw, (min-width: 784px) 353px, (min-width: 712px) 530px, (min-width: 640px) 712px, \" \/>\n\t\n\n\t\t<div class=\"fusion-rollover\">\n\t<div class=\"fusion-rollover-content\">\n\n\t\t\t\t\t\t\t\t\t\t\t\t\t\t<a class=\"fusion-rollover-link\" href=\"https:\/\/www.ismartmeters.com\/es\/products\/medidor-de-energia-de-dos-fases-dss1598\/\">Medidor de energ\u00eda de dos fases DSS1598<\/a>\n\t\t\t\n\t\t\t\t\t\t\t\t\t\t\t\t\t\t\n\t\t\t\t\t\t\t\t\n\t\t\t\t\t\t\t\t\t\t\t\t\t<div class=\"fusion-rollover-sep\"><\/div>\n\t\t\t\t\n\t\t\t\t\t\t\t\t\t\t\t\t\t\t\t\t\t\t<a class=\"fusion-rollover-gallery\" href=\"https:\/\/www.ismartmeters.com\/wp-content\/uploads\/2017\/10\/Two-Phase-Three-Wire-Energy-Meter-2.png\" data-id=\"1611\" data-rel=\"iLightbox[gallery-rw-1]\" data-title=\"Two Phase Three Wire Energy Meter\" data-caption=\"Two Phase Three Wire Energy Meter\">\n\t\t\t\t\t\tGallery\t\t\t\t\t<\/a>\n\t\t\t\t\t\t\t\t\t\t\t\t\t\t\n\t\t\t\t\n\t\t\t\t\t\t\t\t\n\t\t\t\t\t\t\t\t\n\t\t\n\t\t\t\t<a class=\"fusion-link-wrapper\" href=\"https:\/\/www.ismartmeters.com\/es\/products\/medidor-de-energia-de-dos-fases-dss1598\/\" aria-label=\"Medidor de energ\u00eda de dos fases DSS1598\"><\/a>\n\t<\/div>\n<\/div>\n\n\t\n<\/div>\n<div class=\"fusion-portfolio-content\"><h2 class=\"entry-title fusion-post-title\"><a href=\"https:\/\/www.ismartmeters.com\/es\/products\/medidor-de-energia-de-dos-fases-dss1598\/\">Medidor de energ\u00eda de dos fases DSS1598<\/a><\/h2><div class=\"fusion-post-content\"><\/div><\/div><\/div><\/article><article class=\"fusion-portfolio-post ddsy1598-single-phase-sts-split-dinrail-tipo-teclado-prepago-medidor-de-energia medidor-de-tipo-bs-es fusion-col-spacing\"><div class=\"fusion-portfolio-content-wrapper\" style=\"border:none;\">\n\t\n\t\t\t<span class=\"vcard rich-snippet-hidden\">\n\t\t\t<span class=\"fn\">\n\t\t\t\t<a href=\"https:\/\/www.ismartmeters.com\/es\/author\/ismartme_patrick\/\" title=\"Entradas de ismartme_patrick\" rel=\"author\">ismartme_patrick<\/a>\t\t\t<\/span>\n\t\t<\/span>\n\t\n\t\t\t<span class=\"updated rich-snippet-hidden\">\n\t\t\t2024-11-12T19:05:32+08:00\t\t<\/span>\n\t\n\n\n<div  class=\"fusion-image-wrapper\" aria-haspopup=\"true\">\n\t\n\t\n\t\t\n\t\t\t\t\t<img loading=\"lazy\" decoding=\"async\" width=\"1000\" height=\"1000\" src=\"https:\/\/www.ismartmeters.com\/wp-content\/uploads\/2017\/10\/DDSY1598-Single-Phase-Smart-STS-G3-PLC-Split-Din-Rail-Prepaid-Meter.jpg\" class=\"attachment-full size-full wp-post-image\" alt=\"DDSY1598 Single Phase Smart STS G3-PLC Split Din Rail Prepaid Meter\" srcset=\"https:\/\/www.ismartmeters.com\/wp-content\/uploads\/2017\/10\/DDSY1598-Single-Phase-Smart-STS-G3-PLC-Split-Din-Rail-Prepaid-Meter-200x200.jpg 200w, https:\/\/www.ismartmeters.com\/wp-content\/uploads\/2017\/10\/DDSY1598-Single-Phase-Smart-STS-G3-PLC-Split-Din-Rail-Prepaid-Meter-400x400.jpg 400w, https:\/\/www.ismartmeters.com\/wp-content\/uploads\/2017\/10\/DDSY1598-Single-Phase-Smart-STS-G3-PLC-Split-Din-Rail-Prepaid-Meter-600x600.jpg 600w, https:\/\/www.ismartmeters.com\/wp-content\/uploads\/2017\/10\/DDSY1598-Single-Phase-Smart-STS-G3-PLC-Split-Din-Rail-Prepaid-Meter-800x800.jpg 800w, https:\/\/www.ismartmeters.com\/wp-content\/uploads\/2017\/10\/DDSY1598-Single-Phase-Smart-STS-G3-PLC-Split-Din-Rail-Prepaid-Meter.jpg 1000w\" sizes=\"auto, (min-width: 2200px) 100vw, (min-width: 784px) 353px, (min-width: 712px) 530px, (min-width: 640px) 712px, \" \/>\n\t\n\n\t\t<div class=\"fusion-rollover\">\n\t<div class=\"fusion-rollover-content\">\n\n\t\t\t\t\t\t\t\t\t\t\t\t\t\t<a class=\"fusion-rollover-link\" href=\"https:\/\/www.ismartmeters.com\/es\/products\/medidor-prepago-riel-din-monofasico-sts-ddsy1598\/\">Medidor prepago riel DIN monof\u00e1sico STS DDSY1598<\/a>\n\t\t\t\n\t\t\t\t\t\t\t\t\t\t\t\t\t\t\n\t\t\t\t\t\t\t\t\n\t\t\t\t\t\t\t\t\t\t\t\t\t<div class=\"fusion-rollover-sep\"><\/div>\n\t\t\t\t\n\t\t\t\t\t\t\t\t\t\t\t\t\t\t\t\t\t\t<a class=\"fusion-rollover-gallery\" href=\"https:\/\/www.ismartmeters.com\/wp-content\/uploads\/2017\/10\/DDSY1598-Single-Phase-Smart-STS-G3-PLC-Split-Din-Rail-Prepaid-Meter.jpg\" data-id=\"1609\" data-rel=\"iLightbox[gallery-rw-1]\" data-title=\"DDSY1598 Single Phase Smart STS G3-PLC Split Din Rail Prepaid Meter\" data-caption=\"DDSY1598 DLMS Single Phase Smart STS G3-PLC Split Din Rail Prepaid Meter\">\n\t\t\t\t\t\tGallery\t\t\t\t\t<\/a>\n\t\t\t\t\t\t\t\t\t\t\t\t\t\t\n\t\t\t\t\n\t\t\t\t\t\t\t\t\n\t\t\t\t\t\t\t\t\n\t\t\n\t\t\t\t<a class=\"fusion-link-wrapper\" href=\"https:\/\/www.ismartmeters.com\/es\/products\/medidor-prepago-riel-din-monofasico-sts-ddsy1598\/\" aria-label=\"Medidor prepago riel DIN monof\u00e1sico STS DDSY1598\"><\/a>\n\t<\/div>\n<\/div>\n\n\t\n<\/div>\n<div class=\"fusion-portfolio-content\"><h2 class=\"entry-title fusion-post-title\"><a href=\"https:\/\/www.ismartmeters.com\/es\/products\/medidor-prepago-riel-din-monofasico-sts-ddsy1598\/\">Medidor prepago riel DIN monof\u00e1sico STS DDSY1598<\/a><\/h2><div class=\"fusion-post-content\"><\/div><\/div><\/div><\/article><article class=\"fusion-portfolio-post medidor-de-tipo-bs-es fusion-col-spacing\"><div class=\"fusion-portfolio-content-wrapper\" style=\"border:none;\">\n\t\n\t\t\t<span class=\"vcard rich-snippet-hidden\">\n\t\t\t<span class=\"fn\">\n\t\t\t\t<a href=\"https:\/\/www.ismartmeters.com\/es\/author\/ismartme_patrick\/\" title=\"Entradas de ismartme_patrick\" rel=\"author\">ismartme_patrick<\/a>\t\t\t<\/span>\n\t\t<\/span>\n\t\n\t\t\t<span class=\"updated rich-snippet-hidden\">\n\t\t\t2022-02-11T17:49:38+08:00\t\t<\/span>\n\t\n\n\n<div  class=\"fusion-image-wrapper\" aria-haspopup=\"true\">\n\t\n\t\n\t\t\n\t\t\t\t\t<img loading=\"lazy\" decoding=\"async\" width=\"1000\" height=\"1000\" src=\"https:\/\/www.ismartmeters.com\/wp-content\/uploads\/2017\/10\/Three-Phase-Smart-STS-Keypad-Prepayment-Energy-Meter-2-400x400.jpg\" class=\"attachment-full size-full wp-post-image\" alt=\"Compteur intelligent \u00e0 pr\u00e9paiement triphas\u00e9 Conforme DLMS DTSY1598\" srcset=\"https:\/\/www.ismartmeters.com\/wp-content\/uploads\/2017\/10\/Three-Phase-Smart-STS-Keypad-Prepayment-Energy-Meter-2-200x200.jpg 200w, https:\/\/www.ismartmeters.com\/wp-content\/uploads\/2017\/10\/Three-Phase-Smart-STS-Keypad-Prepayment-Energy-Meter-2-400x400.jpg 400w, https:\/\/www.ismartmeters.com\/wp-content\/uploads\/2017\/10\/Three-Phase-Smart-STS-Keypad-Prepayment-Energy-Meter-2-600x600.jpg 600w, https:\/\/www.ismartmeters.com\/wp-content\/uploads\/2017\/10\/Three-Phase-Smart-STS-Keypad-Prepayment-Energy-Meter-2-800x800.jpg 800w, https:\/\/www.ismartmeters.com\/wp-content\/uploads\/2017\/10\/Three-Phase-Smart-STS-Keypad-Prepayment-Energy-Meter-2.jpg 1000w\" sizes=\"auto, (min-width: 2200px) 100vw, (min-width: 784px) 353px, (min-width: 712px) 530px, (min-width: 640px) 712px, \" \/>\n\t\n\n\t\t<div class=\"fusion-rollover\">\n\t<div class=\"fusion-rollover-content\">\n\n\t\t\t\t\t\t\t\t\t\t\t\t\t\t<a class=\"fusion-rollover-link\" href=\"https:\/\/www.ismartmeters.com\/es\/products\/medidor-de-energia-prepago-inteligente-trifasico-sts-dlms-dtsy1598\/\">Medidor de energ\u00eda prepago inteligente trif\u00e1sico STS DLMS DTSY1598<\/a>\n\t\t\t\n\t\t\t\t\t\t\t\t\t\t\t\t\t\t\n\t\t\t\t\t\t\t\t\n\t\t\t\t\t\t\t\t\t\t\t\t\t<div class=\"fusion-rollover-sep\"><\/div>\n\t\t\t\t\n\t\t\t\t\t\t\t\t\t\t\t\t\t\t\t\t\t\t<a class=\"fusion-rollover-gallery\" href=\"https:\/\/www.ismartmeters.com\/wp-content\/uploads\/2017\/10\/Three-Phase-Smart-STS-Keypad-Prepayment-Energy-Meter-2.jpg\" data-id=\"1605\" data-rel=\"iLightbox[gallery-rw-1]\" data-title=\"Medidor de Energ\u00eda Prepago DTSY1598 trif\u00e1sico inteligente STS teclado\" data-caption=\"Compteur intelligent \u00e0 pr\u00e9paiement triphas\u00e9 Conforme DLMS DTSY1598\">\n\t\t\t\t\t\tGallery\t\t\t\t\t<\/a>\n\t\t\t\t\t\t\t\t\t\t\t\t\t\t\n\t\t\t\t\n\t\t\t\t\t\t\t\t\n\t\t\t\t\t\t\t\t\n\t\t\n\t\t\t\t<a class=\"fusion-link-wrapper\" href=\"https:\/\/www.ismartmeters.com\/es\/products\/medidor-de-energia-prepago-inteligente-trifasico-sts-dlms-dtsy1598\/\" aria-label=\"Medidor de energ\u00eda prepago inteligente trif\u00e1sico STS DLMS DTSY1598\"><\/a>\n\t<\/div>\n<\/div>\n\n\t\n<\/div>\n<div class=\"fusion-portfolio-content\"><h2 class=\"entry-title fusion-post-title\"><a href=\"https:\/\/www.ismartmeters.com\/es\/products\/medidor-de-energia-prepago-inteligente-trifasico-sts-dlms-dtsy1598\/\">Medidor de energ\u00eda prepago inteligente trif\u00e1sico STS DLMS DTSY1598<\/a><\/h2><div class=\"fusion-post-content\"><\/div><\/div><\/div><\/article><article class=\"fusion-portfolio-post medidor-de-tipo-bs-es fusion-col-spacing\"><div class=\"fusion-portfolio-content-wrapper\" style=\"border:none;\">\n\t\n\t\t\t<span class=\"vcard rich-snippet-hidden\">\n\t\t\t<span class=\"fn\">\n\t\t\t\t<a href=\"https:\/\/www.ismartmeters.com\/es\/author\/ismartme_patrick\/\" title=\"Entradas de ismartme_patrick\" rel=\"author\">ismartme_patrick<\/a>\t\t\t<\/span>\n\t\t<\/span>\n\t\n\t\t\t<span class=\"updated rich-snippet-hidden\">\n\t\t\t2022-02-11T18:53:46+08:00\t\t<\/span>\n\t\n\n\n<div  class=\"fusion-image-wrapper\" aria-haspopup=\"true\">\n\t\n\t\n\t\t\n\t\t\t\t\t<img loading=\"lazy\" decoding=\"async\" width=\"1000\" height=\"1000\" src=\"https:\/\/www.ismartmeters.com\/wp-content\/uploads\/2017\/10\/Single-Phase-Smart-STS-Keypad-Prepayment-Energy-Meter-1-400x400.png\" class=\"attachment-full size-full wp-post-image\" alt=\"Compteur intelligent \u00e0 pr\u00e9paiement monophas\u00e9 DDSY1598\" srcset=\"https:\/\/www.ismartmeters.com\/wp-content\/uploads\/2017\/10\/Single-Phase-Smart-STS-Keypad-Prepayment-Energy-Meter-1-200x200.png 200w, https:\/\/www.ismartmeters.com\/wp-content\/uploads\/2017\/10\/Single-Phase-Smart-STS-Keypad-Prepayment-Energy-Meter-1-400x400.png 400w, https:\/\/www.ismartmeters.com\/wp-content\/uploads\/2017\/10\/Single-Phase-Smart-STS-Keypad-Prepayment-Energy-Meter-1-600x600.png 600w, https:\/\/www.ismartmeters.com\/wp-content\/uploads\/2017\/10\/Single-Phase-Smart-STS-Keypad-Prepayment-Energy-Meter-1-800x800.png 800w, https:\/\/www.ismartmeters.com\/wp-content\/uploads\/2017\/10\/Single-Phase-Smart-STS-Keypad-Prepayment-Energy-Meter-1.png 1000w\" sizes=\"auto, (min-width: 2200px) 100vw, (min-width: 784px) 353px, (min-width: 712px) 530px, (min-width: 640px) 712px, \" \/>\n\t\n\n\t\t<div class=\"fusion-rollover\">\n\t<div class=\"fusion-rollover-content\">\n\n\t\t\t\t\t\t\t\t\t\t\t\t\t\t<a class=\"fusion-rollover-link\" href=\"https:\/\/www.ismartmeters.com\/es\/products\/medidor-energia-prepago-monofasico-inteligente-dlms-ddsy1598\/\">Medidor energ\u00eda prepago monof\u00e1sico inteligente DLMS DDSY1598<\/a>\n\t\t\t\n\t\t\t\t\t\t\t\t\t\t\t\t\t\t\n\t\t\t\t\t\t\t\t\n\t\t\t\t\t\t\t\t\t\t\t\t\t<div class=\"fusion-rollover-sep\"><\/div>\n\t\t\t\t\n\t\t\t\t\t\t\t\t\t\t\t\t\t\t\t\t\t\t<a class=\"fusion-rollover-gallery\" href=\"https:\/\/www.ismartmeters.com\/wp-content\/uploads\/2017\/10\/Single-Phase-Smart-STS-Keypad-Prepayment-Energy-Meter-1.png\" data-id=\"1599\" data-rel=\"iLightbox[gallery-rw-1]\" data-title=\"Medidor de Energ\u00eda Prepago DDSY1598 monof\u00e1sico inteligente STS teclado\" data-caption=\"Compteur intelligent \u00e0 pr\u00e9paiement monophas\u00e9 Conforme DLMS DDSY1598\">\n\t\t\t\t\t\tGallery\t\t\t\t\t<\/a>\n\t\t\t\t\t\t\t\t\t\t\t\t\t\t\n\t\t\t\t\n\t\t\t\t\t\t\t\t\n\t\t\t\t\t\t\t\t\n\t\t\n\t\t\t\t<a class=\"fusion-link-wrapper\" href=\"https:\/\/www.ismartmeters.com\/es\/products\/medidor-energia-prepago-monofasico-inteligente-dlms-ddsy1598\/\" aria-label=\"Medidor energ\u00eda prepago monof\u00e1sico inteligente DLMS DDSY1598\"><\/a>\n\t<\/div>\n<\/div>\n\n\t\n<\/div>\n<div class=\"fusion-portfolio-content\"><h2 class=\"entry-title fusion-post-title\"><a href=\"https:\/\/www.ismartmeters.com\/es\/products\/medidor-energia-prepago-monofasico-inteligente-dlms-ddsy1598\/\">Medidor energ\u00eda prepago monof\u00e1sico inteligente DLMS DDSY1598<\/a><\/h2><div class=\"fusion-post-content\"><\/div><\/div><\/div><\/article><article class=\"fusion-portfolio-post medidor-de-tipo-bs-es fusion-col-spacing\"><div class=\"fusion-portfolio-content-wrapper\" style=\"border:none;\">\n\t\n\t\t\t<span class=\"vcard rich-snippet-hidden\">\n\t\t\t<span class=\"fn\">\n\t\t\t\t<a href=\"https:\/\/www.ismartmeters.com\/es\/author\/ismartme_patrick\/\" title=\"Entradas de ismartme_patrick\" rel=\"author\">ismartme_patrick<\/a>\t\t\t<\/span>\n\t\t<\/span>\n\t\n\t\t\t<span class=\"updated rich-snippet-hidden\">\n\t\t\t2019-05-02T19:53:14+08:00\t\t<\/span>\n\t\n\n\n<div  class=\"fusion-image-wrapper\" aria-haspopup=\"true\">\n\t\n\t\n\t\t\n\t\t\t\t\t<img loading=\"lazy\" decoding=\"async\" width=\"1000\" height=\"1000\" src=\"https:\/\/www.ismartmeters.com\/wp-content\/uploads\/2017\/10\/CIU-1-400x400.jpg\" class=\"attachment-full size-full wp-post-image\" alt=\"User Interface Unit\" srcset=\"https:\/\/www.ismartmeters.com\/wp-content\/uploads\/2017\/10\/CIU-1-200x200.jpg 200w, https:\/\/www.ismartmeters.com\/wp-content\/uploads\/2017\/10\/CIU-1-400x400.jpg 400w, https:\/\/www.ismartmeters.com\/wp-content\/uploads\/2017\/10\/CIU-1-600x600.jpg 600w, https:\/\/www.ismartmeters.com\/wp-content\/uploads\/2017\/10\/CIU-1-800x800.jpg 800w, https:\/\/www.ismartmeters.com\/wp-content\/uploads\/2017\/10\/CIU-1.jpg 1000w\" sizes=\"auto, (min-width: 2200px) 100vw, (min-width: 784px) 353px, (min-width: 712px) 530px, (min-width: 640px) 712px, \" \/>\n\t\n\n\t\t<div class=\"fusion-rollover\">\n\t<div class=\"fusion-rollover-content\">\n\n\t\t\t\t\t\t\t\t\t\t\t\t\t\t<a class=\"fusion-rollover-link\" href=\"https:\/\/www.ismartmeters.com\/es\/products\/unidad-de-interfaz-de-usuario-ddsy1598-sts-de-split-prepago\/\">Unidad de interfaz de usuario DDSY1598 STS de Split Prepago<\/a>\n\t\t\t\n\t\t\t\t\t\t\t\t\t\t\t\t\t\t\n\t\t\t\t\t\t\t\t\n\t\t\t\t\t\t\t\t\t\t\t\t\t<div class=\"fusion-rollover-sep\"><\/div>\n\t\t\t\t\n\t\t\t\t\t\t\t\t\t\t\t\t\t\t\t\t\t\t<a class=\"fusion-rollover-gallery\" href=\"https:\/\/www.ismartmeters.com\/wp-content\/uploads\/2017\/10\/CIU-1.jpg\" data-id=\"1597\" data-rel=\"iLightbox[gallery-rw-1]\" data-title=\"CIU\" data-caption=\"User Interface Unit\">\n\t\t\t\t\t\tGallery\t\t\t\t\t<\/a>\n\t\t\t\t\t\t\t\t\t\t\t\t\t\t\n\t\t\t\t\n\t\t\t\t\t\t\t\t\n\t\t\t\t\t\t\t\t\n\t\t\n\t\t\t\t<a class=\"fusion-link-wrapper\" href=\"https:\/\/www.ismartmeters.com\/es\/products\/unidad-de-interfaz-de-usuario-ddsy1598-sts-de-split-prepago\/\" aria-label=\"Unidad de interfaz de usuario DDSY1598 STS de Split Prepago\"><\/a>\n\t<\/div>\n<\/div>\n\n\t\n<\/div>\n<div class=\"fusion-portfolio-content\"><h2 class=\"entry-title fusion-post-title\"><a href=\"https:\/\/www.ismartmeters.com\/es\/products\/unidad-de-interfaz-de-usuario-ddsy1598-sts-de-split-prepago\/\">Unidad de interfaz de usuario DDSY1598 STS de Split Prepago<\/a><\/h2><div class=\"fusion-post-content\"><\/div><\/div><\/div><\/article><article class=\"fusion-portfolio-post medidor-de-tipo-bs-es fusion-col-spacing\"><div class=\"fusion-portfolio-content-wrapper\" style=\"border:none;\">\n\t\n\t\t\t<span class=\"vcard rich-snippet-hidden\">\n\t\t\t<span class=\"fn\">\n\t\t\t\t<a href=\"https:\/\/www.ismartmeters.com\/es\/author\/ismartme_patrick\/\" title=\"Entradas de ismartme_patrick\" rel=\"author\">ismartme_patrick<\/a>\t\t\t<\/span>\n\t\t<\/span>\n\t\n\t\t\t<span class=\"updated rich-snippet-hidden\">\n\t\t\t2019-05-02T19:54:27+08:00\t\t<\/span>\n\t\n\n\n<div  class=\"fusion-image-wrapper\" aria-haspopup=\"true\">\n\t\n\t\n\t\t\n\t\t\t\t\t<img loading=\"lazy\" decoding=\"async\" width=\"1000\" height=\"1000\" src=\"https:\/\/www.ismartmeters.com\/wp-content\/uploads\/2017\/10\/Single-Phase-Conventional-Energy-Meter-1-400x400.jpg\" class=\"attachment-full size-full wp-post-image\" alt=\"Single Phase Conventional Energy Meter\" srcset=\"https:\/\/www.ismartmeters.com\/wp-content\/uploads\/2017\/10\/Single-Phase-Conventional-Energy-Meter-1-200x200.jpg 200w, https:\/\/www.ismartmeters.com\/wp-content\/uploads\/2017\/10\/Single-Phase-Conventional-Energy-Meter-1-400x400.jpg 400w, https:\/\/www.ismartmeters.com\/wp-content\/uploads\/2017\/10\/Single-Phase-Conventional-Energy-Meter-1-600x600.jpg 600w, https:\/\/www.ismartmeters.com\/wp-content\/uploads\/2017\/10\/Single-Phase-Conventional-Energy-Meter-1-800x800.jpg 800w, https:\/\/www.ismartmeters.com\/wp-content\/uploads\/2017\/10\/Single-Phase-Conventional-Energy-Meter-1.jpg 1000w\" sizes=\"auto, (min-width: 2200px) 100vw, (min-width: 784px) 353px, (min-width: 712px) 530px, (min-width: 640px) 712px, \" \/>\n\t\n\n\t\t<div class=\"fusion-rollover\">\n\t<div class=\"fusion-rollover-content\">\n\n\t\t\t\t\t\t\t\t\t\t\t\t\t\t<a class=\"fusion-rollover-link\" href=\"https:\/\/www.ismartmeters.com\/es\/products\/medidor-de-energia-normal-monofasico-dds1598\/\">Medidor de energ\u00eda normal monof\u00e1sico DDS1598<\/a>\n\t\t\t\n\t\t\t\t\t\t\t\t\t\t\t\t\t\t\n\t\t\t\t\t\t\t\t\n\t\t\t\t\t\t\t\t\t\t\t\t\t<div class=\"fusion-rollover-sep\"><\/div>\n\t\t\t\t\n\t\t\t\t\t\t\t\t\t\t\t\t\t\t\t\t\t\t<a class=\"fusion-rollover-gallery\" href=\"https:\/\/www.ismartmeters.com\/wp-content\/uploads\/2017\/10\/Single-Phase-Conventional-Energy-Meter-1.jpg\" data-id=\"1593\" data-rel=\"iLightbox[gallery-rw-1]\" data-title=\"Single Phase Conventional Energy Meter\" data-caption=\"Single Phase Conventional Energy Meter\">\n\t\t\t\t\t\tGallery\t\t\t\t\t<\/a>\n\t\t\t\t\t\t\t\t\t\t\t\t\t\t\n\t\t\t\t\n\t\t\t\t\t\t\t\t\n\t\t\t\t\t\t\t\t\n\t\t\n\t\t\t\t<a class=\"fusion-link-wrapper\" href=\"https:\/\/www.ismartmeters.com\/es\/products\/medidor-de-energia-normal-monofasico-dds1598\/\" aria-label=\"Medidor de energ\u00eda normal monof\u00e1sico DDS1598\"><\/a>\n\t<\/div>\n<\/div>\n\n\t\n<\/div>\n<div class=\"fusion-portfolio-content\"><h2 class=\"entry-title fusion-post-title\"><a href=\"https:\/\/www.ismartmeters.com\/es\/products\/medidor-de-energia-normal-monofasico-dds1598\/\">Medidor de energ\u00eda normal monof\u00e1sico DDS1598<\/a><\/h2><div class=\"fusion-post-content\"><\/div><\/div><\/div><\/article><\/div><\/div><div class=\"fusion-clearfix\"><\/div>\n\n\t\t\t\t\t<\/div>\n\t\t\t\t<\/div><\/div><\/div>\n","protected":false},"excerpt":{"rendered":"","protected":false},"author":1,"featured_media":0,"parent":1442,"menu_order":1,"comment_status":"closed","ping_status":"closed","template":"100-width.php","meta":{"_uf_show_specific_survey":0,"_uf_disable_surveys":false,"footnotes":""},"class_list":["post-1446","page","type-page","status-publish","hentry"],"aioseo_notices":[],"_links":{"self":[{"href":"https:\/\/www.ismartmeters.com\/es\/wp-json\/wp\/v2\/pages\/1446","targetHints":{"allow":["GET"]}}],"collection":[{"href":"https:\/\/www.ismartmeters.com\/es\/wp-json\/wp\/v2\/pages"}],"about":[{"href":"https:\/\/www.ismartmeters.com\/es\/wp-json\/wp\/v2\/types\/page"}],"author":[{"embeddable":true,"href":"https:\/\/www.ismartmeters.com\/es\/wp-json\/wp\/v2\/users\/1"}],"replies":[{"embeddable":true,"href":"https:\/\/www.ismartmeters.com\/es\/wp-json\/wp\/v2\/comments?post=1446"}],"version-history":[{"count":1,"href":"https:\/\/www.ismartmeters.com\/es\/wp-json\/wp\/v2\/pages\/1446\/revisions"}],"predecessor-version":[{"id":1447,"href":"https:\/\/www.ismartmeters.com\/es\/wp-json\/wp\/v2\/pages\/1446\/revisions\/1447"}],"up":[{"embeddable":true,"href":"https:\/\/www.ismartmeters.com\/es\/wp-json\/wp\/v2\/pages\/1442"}],"wp:attachment":[{"href":"https:\/\/www.ismartmeters.com\/es\/wp-json\/wp\/v2\/media?parent=1446"}],"curies":[{"name":"wp","href":"https:\/\/api.w.org\/{rel}","templated":true}]}}