{"id":1177,"date":"2018-07-24T15:24:18","date_gmt":"2018-07-24T07:24:18","guid":{"rendered":"https:\/\/www.ismartmeters.com\/a-propos-de-ismart\/"},"modified":"2024-11-11T17:39:37","modified_gmt":"2024-11-11T09:39:37","slug":"a-propos-de-ismart","status":"publish","type":"page","link":"https:\/\/www.ismartmeters.com\/fr\/a-propos-de-ismart\/","title":{"rendered":"\u00c0 propos de iSmart"},"content":{"rendered":"<div class=\"fusion-fullwidth fullwidth-box nonhundred-percent-fullwidth non-hundred-percent-height-scrolling\"  style='background-color: rgba(255,255,255,0);background-position: center center;background-repeat: no-repeat;padding-top:0px;padding-right:0px;padding-bottom:0px;padding-left:0px;'><div class=\"fusion-builder-row fusion-row \"><div  class=\"fusion-layout-column fusion_builder_column fusion_builder_column_1_1  fusion-one-full fusion-column-first fusion-column-last 1_1\"  style='margin-top:0px;margin-bottom:20px;'>\n\t\t\t\t\t<div class=\"fusion-column-wrapper\" style=\"background-position:left top;background-repeat:no-repeat;-webkit-background-size:cover;-moz-background-size:cover;-o-background-size:cover;background-size:cover;\"  data-bg-url=\"\">\n\t\t\t\t\t\t<div class=\"fusion-title title fusion-sep-none fusion-title-size-two\" style=\"margin-top:0px;margin-bottom:31px;\"><h2 class=\"title-heading-left\"><p style=\"text-align: left;\"><strong>\u00c0 propos de nous<\/strong><\/p><\/h2><\/div><div class=\"fusion-text\"><p>iSmart Meters Co., Ltd.est une entreprise de haute technologie pour d\u00e9velopper des \u00e9quipements de mesure tels que des compteurs intelligents, des compteurs d&rsquo;\u00e9nergie \u00e0 pr\u00e9paiement, des compteurs d&rsquo;eau \u00e0 pr\u00e9paiement et un concentrateur de donn\u00e9es, un syst\u00e8me AMI, un syst\u00e8me de compteurs \u00e0 pr\u00e9paiement STS et des bo\u00eetiers de compteurs et accessoires connexes pour les services publics du monde entier. En 1995, iSmart Meters a \u00e9t\u00e9 cr\u00e9\u00e9 en Chine. Nous avons maintenant pr\u00e8s de 20000 m\u00e8tres carr\u00e9s d&rsquo;agence de R&amp;D et un total de 150000 m\u00e8tres carr\u00e9s en tant que centre de production ainsi que des parcs industriels pour les nouveaux produits de r\u00e9seau intelligent \u00e0 Changsha de la province du Hunan, Wenzhou de la province du Zhejiang et d&rsquo;autres villes de Chine. La capacit\u00e9 de production totale des compteurs iSmart peut atteindre 20 millions de pi\u00e8ces, ce qui comprend des compteurs intelligents 1 et 3 phases, des concentrateurs de donn\u00e9es intelligents et d&rsquo;autres types de produits li\u00e9s au r\u00e9seau intelligent.<\/p>\n<p>Les compteurs iSmart ont \u00e9galement pass\u00e9 les rapports de test de type de SCM et SICEM, et ont obtenu les certificats d&rsquo;adh\u00e9sion et de produit pour le compteur \u00e0 pr\u00e9paiement monophas\u00e9 intelligent DDSY1598, le compteur \u00e0 pr\u00e9paiement triphas\u00e9 intelligent DTSY1598 et le concentrateur de donn\u00e9es intelligent DCU1598 de l&rsquo;association STS et de l&rsquo;association DLMS.<\/p>\n<p>Les produits d\u00e9velopp\u00e9s et fournis \u00e0 partir de compteurs iSmart comme les compteurs d&rsquo;\u00e9nergie et d&rsquo;eau intelligents analogiques-num\u00e9riques ont aid\u00e9 les services publics \u00e0 facturer avec pr\u00e9cision la consommation d&rsquo;\u00e9lectricit\u00e9 et d&rsquo;eau. Nos produits permettent aux utilisateurs de mesurer avec pr\u00e9cision leurs besoins et de fournir une solution personnalis\u00e9e rentable, fiable et conviviale.<\/p>\n<p>iSmart Meters a acquis sa r\u00e9putation de fournir des produits de haute qualit\u00e9 et des services apr\u00e8s-vente tout en r\u00e9pondant rapidement \u00e0 la demande mondiale d&rsquo;appareils de mesure cr\u00e9atifs et pr\u00e9cis. Notre strat\u00e9gie principale est de satisfaire et de servir notre client comme premier emploi. iSmart Meters r\u00e9alise une enqu\u00eate sur les besoins du march\u00e9 \u00e0 travers le monde et d\u00e9veloppe une gamme compl\u00e8te de produits pour les demandes commerciales, industrielles et r\u00e9sidentielles. iSmart Meters Co., Ltd., avait d\u00e9j\u00e0 vendu ses produits \u00e0 des pays d&rsquo;Am\u00e9rique du Sud, d&rsquo;Asie du Sud, du Moyen-Orient et d&rsquo;Afrique sur des millions de m\u00e8tres jusqu&rsquo;\u00e0 pr\u00e9sent.<\/p>\n<p>iSmart Meters croit vraiment que la coop\u00e9ration et les efforts mutuels apporteront \u00e0 la fois \u00e0 nos clients et \u00e0 nous un brillant avenir sur les march\u00e9s. iSmart Meters traite toujours le besoin du client comme ce que les gens devraient viser respectivement.<\/p>\n<\/div><div class=\"fusion-clearfix\"><\/div>\n\n\t\t\t\t\t<\/div>\n\t\t\t\t<\/div><div  class=\"fusion-layout-column fusion_builder_column fusion_builder_column_1_4  fusion-one-fourth fusion-column-first 1_4\"  style='margin-top:0px;margin-bottom:20px;width:25%;width:calc(25% - ( ( 4% + 4% + 4% ) * 0.25 ) );margin-right: 4%;'>\n\t\t\t\t\t<div class=\"fusion-column-wrapper\" style=\"background-position:left top;background-repeat:no-repeat;-webkit-background-size:cover;-moz-background-size:cover;-o-background-size:cover;background-size:cover;\"  data-bg-url=\"\">\n\t\t\t\t\t\t<div class=\"fusion-clearfix\"><\/div>\n\n\t\t\t\t\t<\/div>\n\t\t\t\t<\/div><div  class=\"fusion-layout-column fusion_builder_column fusion_builder_column_1_4  fusion-one-fourth 1_4\"  style='margin-top:0px;margin-bottom:20px;width:25%;width:calc(25% - ( ( 4% + 4% + 4% ) * 0.25 ) );margin-right: 4%;'>\n\t\t\t\t\t<div class=\"fusion-column-wrapper\" style=\"background-position:left top;background-repeat:no-repeat;-webkit-background-size:cover;-moz-background-size:cover;-o-background-size:cover;background-size:cover;\"  data-bg-url=\"\">\n\t\t\t\t\t\t<div class=\"fusion-clearfix\"><\/div>\n\n\t\t\t\t\t<\/div>\n\t\t\t\t<\/div><div  class=\"fusion-layout-column fusion_builder_column fusion_builder_column_1_4  fusion-one-fourth 1_4\"  style='margin-top:0px;margin-bottom:20px;width:25%;width:calc(25% - ( ( 4% + 4% + 4% ) * 0.25 ) );margin-right: 4%;'>\n\t\t\t\t\t<div class=\"fusion-column-wrapper\" style=\"background-position:left top;background-repeat:no-repeat;-webkit-background-size:cover;-moz-background-size:cover;-o-background-size:cover;background-size:cover;\"  data-bg-url=\"\">\n\t\t\t\t\t\t<div class=\"fusion-clearfix\"><\/div>\n\n\t\t\t\t\t<\/div>\n\t\t\t\t<\/div><div  class=\"fusion-layout-column fusion_builder_column fusion_builder_column_1_4  fusion-one-fourth fusion-column-last 1_4\"  style='margin-top:0px;margin-bottom:20px;width:25%;width:calc(25% - ( ( 4% + 4% + 4% ) * 0.25 ) );'>\n\t\t\t\t\t<div class=\"fusion-column-wrapper\" style=\"background-position:left top;background-repeat:no-repeat;-webkit-background-size:cover;-moz-background-size:cover;-o-background-size:cover;background-size:cover;\"  data-bg-url=\"\">\n\t\t\t\t\t\t<div class=\"fusion-clearfix\"><\/div>\n\n\t\t\t\t\t<\/div>\n\t\t\t\t<\/div><div  class=\"fusion-layout-column fusion_builder_column fusion_builder_column_1_1  fusion-one-full fusion-column-first fusion-column-last 1_1\"  style='margin-top:0px;margin-bottom:20px;'>\n\t\t\t\t\t<div class=\"fusion-column-wrapper\" style=\"background-position:left top;background-repeat:no-repeat;-webkit-background-size:cover;-moz-background-size:cover;-o-background-size:cover;background-size:cover;\"  data-bg-url=\"\">\n\t\t\t\t\t\t<div class=\"fusion-title title fusion-sep-none fusion-title-size-two\" style=\"margin-top:0px;margin-bottom:31px;\"><h2 class=\"title-heading-left\"><p style=\"text-align: left;\"><strong>Notre Mission<br \/>\n<\/strong><\/p><\/h2><\/div><div class=\"fusion-text\"><p>iSmart Meters vise \u00e0 fournir un compteur pr\u00e9cis pour mesurer correctement la consommation;<\/p>\n<p>iSmart Meters sert \u00e0 rendre les services publics d&rsquo;\u00e9lectricit\u00e9 et les utilisateurs finaux satisfaits sur la facture;<\/p>\n<p>iSmart Meters s&rsquo;am\u00e9liore pour conduire un \u00e9cosyst\u00e8me interne \u00e0 \u00eatre comp\u00e9titif dans le monde entier;<\/p>\n<p>iSmart Meters construit pour cr\u00e9er un r\u00e9seau mondial s\u00fbr et stable pour mieux fonctionner;<\/p>\n<p>iSmart Meters s&rsquo;efforce de faire un meilleur travail pour donner un environnement paisible et \u00e9conomique.<\/p>\n<\/div><div class=\"fusion-clearfix\"><\/div>\n\n\t\t\t\t\t<\/div>\n\t\t\t\t<\/div><\/div><\/div>\n","protected":false},"excerpt":{"rendered":"","protected":false},"author":1,"featured_media":0,"parent":0,"menu_order":2,"comment_status":"closed","ping_status":"closed","template":"contact.php","meta":{"_uf_show_specific_survey":0,"_uf_disable_surveys":false,"footnotes":""},"class_list":["post-1177","page","type-page","status-publish","hentry"],"aioseo_notices":[],"_links":{"self":[{"href":"https:\/\/www.ismartmeters.com\/fr\/wp-json\/wp\/v2\/pages\/1177","targetHints":{"allow":["GET"]}}],"collection":[{"href":"https:\/\/www.ismartmeters.com\/fr\/wp-json\/wp\/v2\/pages"}],"about":[{"href":"https:\/\/www.ismartmeters.com\/fr\/wp-json\/wp\/v2\/types\/page"}],"author":[{"embeddable":true,"href":"https:\/\/www.ismartmeters.com\/fr\/wp-json\/wp\/v2\/users\/1"}],"replies":[{"embeddable":true,"href":"https:\/\/www.ismartmeters.com\/fr\/wp-json\/wp\/v2\/comments?post=1177"}],"version-history":[{"count":13,"href":"https:\/\/www.ismartmeters.com\/fr\/wp-json\/wp\/v2\/pages\/1177\/revisions"}],"predecessor-version":[{"id":4373,"href":"https:\/\/www.ismartmeters.com\/fr\/wp-json\/wp\/v2\/pages\/1177\/revisions\/4373"}],"wp:attachment":[{"href":"https:\/\/www.ismartmeters.com\/fr\/wp-json\/wp\/v2\/media?parent=1177"}],"curies":[{"name":"wp","href":"https:\/\/api.w.org\/{rel}","templated":true}]}}