{"id":1206,"date":"2018-07-24T16:10:53","date_gmt":"2018-07-24T08:10:53","guid":{"rendered":"https:\/\/www.ismartmeters.com\/produit\/concentrateur-de-donnees-intelligent\/"},"modified":"2025-03-03T14:44:04","modified_gmt":"2025-03-03T06:44:04","slug":"concentrateur-de-donnees-intelligent","status":"publish","type":"page","link":"https:\/\/www.ismartmeters.com\/fr\/produit\/concentrateur-de-donnees-intelligent\/","title":{"rendered":"Concentrateur de Donn\u00e9es Intelligent"},"content":{"rendered":"<div class=\"fusion-fullwidth fullwidth-box nonhundred-percent-fullwidth non-hundred-percent-height-scrolling\"  style='background-color: rgba(255,255,255,0);background-position: center center;background-repeat: no-repeat;padding-top:0px;padding-right:0px;padding-bottom:0px;padding-left:0px;'><div class=\"fusion-builder-row fusion-row \"><div  class=\"fusion-layout-column fusion_builder_column fusion_builder_column_1_1  fusion-one-full fusion-column-first fusion-column-last 1_1\"  style='margin-top:0px;margin-bottom:20px;'>\n\t\t\t\t\t<div class=\"fusion-column-wrapper\" style=\"background-position:left top;background-repeat:no-repeat;-webkit-background-size:cover;-moz-background-size:cover;-o-background-size:cover;background-size:cover;\"  data-bg-url=\"\">\n\t\t\t\t\t\t<style type=\"text\/css\">.fusion-portfolio-wrapper#fusion-portfolio-1 .fusion-portfolio-content{ padding: 25px 25px 25px 25px; text-align: left; }<\/style><div class=\"fusion-recent-works fusion-portfolio-element fusion-portfolio fusion-portfolio-1 fusion-portfolio-grid fusion-portfolio-paging-pagination fusion-portfolio-three fusion-portfolio-boxed fusion-portfolio-text fusion-portfolio-equal-heights fusion-portfolio-rollover\" data-id=\"-rw-1\" data-columns=\"three\"><div role=\"menubar\"><ul class=\"fusion-filters\" role=\"menu\" aria-label=\"filters\"><li role=\"menuitem\" class=\"fusion-filter fusion-filter-all fusion-active\"><a href=\"#\" data-filter=\"*\">All<\/a><\/li><\/ul><\/div><style type=\"text\/css\">.fusion-portfolio-1 .fusion-portfolio-wrapper .fusion-col-spacing{padding:10px;}<\/style><div class=\"fusion-portfolio-wrapper\" id=\"fusion-portfolio-1\" data-picturesize=\"auto\" data-pages=\"1\" style=\"margin:-10px;\"><article class=\"fusion-portfolio-post concentrateur-de-donnees-intelligent fusion-col-spacing\"><div class=\"fusion-portfolio-content-wrapper\" style=\"border:1px solid #ebeaea;border-bottom-width:3px;background-color:rgba(255,255,255,0);\">\n\t\n\t\t\t<span class=\"vcard rich-snippet-hidden\">\n\t\t\t<span class=\"fn\">\n\t\t\t\t<a href=\"https:\/\/www.ismartmeters.com\/fr\/author\/ismartme_patrick\/\" title=\"Articles par ismartme_patrick\" rel=\"author\">ismartme_patrick<\/a>\t\t\t<\/span>\n\t\t<\/span>\n\t\n\t\t\t<span class=\"updated rich-snippet-hidden\">\n\t\t\t2021-11-17T17:54:15+08:00\t\t<\/span>\n\t\n\n\n<div  class=\"fusion-image-wrapper\" aria-haspopup=\"true\">\n\t\n\t\n\t\t\n\t\t\t\t\t<img loading=\"lazy\" decoding=\"async\" width=\"1000\" height=\"1000\" src=\"https:\/\/www.ismartmeters.com\/wp-content\/uploads\/2020\/10\/Concentrateur-de-donnees-intelligent-DCU1598-avec-matrice-LCD-1000.jpg\" class=\"attachment-full size-full wp-post-image\" alt=\"Concentrateur de donn\u00e9es intelligent DCU1598\" srcset=\"https:\/\/www.ismartmeters.com\/wp-content\/uploads\/2020\/10\/Concentrateur-de-donnees-intelligent-DCU1598-avec-matrice-LCD-1000-200x200.jpg 200w, https:\/\/www.ismartmeters.com\/wp-content\/uploads\/2020\/10\/Concentrateur-de-donnees-intelligent-DCU1598-avec-matrice-LCD-1000-400x400.jpg 400w, https:\/\/www.ismartmeters.com\/wp-content\/uploads\/2020\/10\/Concentrateur-de-donnees-intelligent-DCU1598-avec-matrice-LCD-1000-600x600.jpg 600w, https:\/\/www.ismartmeters.com\/wp-content\/uploads\/2020\/10\/Concentrateur-de-donnees-intelligent-DCU1598-avec-matrice-LCD-1000-800x800.jpg 800w, https:\/\/www.ismartmeters.com\/wp-content\/uploads\/2020\/10\/Concentrateur-de-donnees-intelligent-DCU1598-avec-matrice-LCD-1000.jpg 1000w\" sizes=\"auto, (min-width: 2200px) 100vw, (min-width: 784px) 353px, (min-width: 712px) 530px, (min-width: 640px) 712px, \" \/>\n\t\n\n\t\t<div class=\"fusion-rollover\">\n\t<div class=\"fusion-rollover-content\">\n\n\t\t\t\t\t\t\t\t\t\t\t\t\t\t<a class=\"fusion-rollover-link\" href=\"https:\/\/www.ismartmeters.com\/fr\/products\/concentrateur-de-donnees-intelligent-dlms-dcu1598\/\">Concentrateur de donn\u00e9es intelligent DLMS DCU1598<\/a>\n\t\t\t\n\t\t\t\t\t\t\t\t\t\t\t\t\t\t\n\t\t\t\t\t\t\t\t\n\t\t\t\t\t\t\t\t\t\t\t\t\t<div class=\"fusion-rollover-sep\"><\/div>\n\t\t\t\t\n\t\t\t\t\t\t\t\t\t\t\t\t\t\t\t\t\t\t<a class=\"fusion-rollover-gallery\" href=\"https:\/\/www.ismartmeters.com\/wp-content\/uploads\/2020\/10\/Concentrateur-de-donnees-intelligent-DCU1598-avec-matrice-LCD-1000.jpg\" data-id=\"2148\" data-rel=\"iLightbox[gallery-rw-1]\" data-title=\"Concentrateur de donn\u00e9es intelligent DCU1598\" data-caption=\"Concentrateur de donn\u00e9es intelligent DCU1598 \">\n\t\t\t\t\t\tGallery\t\t\t\t\t<\/a>\n\t\t\t\t\t\t\t\t\t\t\t\t\t\t\n\t\t\t\t\n\t\t\t\t\t\t\t\t\n\t\t\t\t\t\t\t\t\n\t\t\n\t\t\t\t<a class=\"fusion-link-wrapper\" href=\"https:\/\/www.ismartmeters.com\/fr\/products\/concentrateur-de-donnees-intelligent-dlms-dcu1598\/\" aria-label=\"Concentrateur de donn\u00e9es intelligent DLMS DCU1598\"><\/a>\n\t<\/div>\n<\/div>\n\n\t\n<\/div>\n<div class=\"fusion-portfolio-content\" style=\"background-color:rgba(255,255,255,0);\"><h2 class=\"entry-title fusion-post-title\"><a href=\"https:\/\/www.ismartmeters.com\/fr\/products\/concentrateur-de-donnees-intelligent-dlms-dcu1598\/\">Concentrateur de donn\u00e9es intelligent DLMS DCU1598<\/a><\/h2><div class=\"fusion-content-sep sep-double sep-solid\" style=\"border-color:#e0dede;\"><\/div><div class=\"fusion-post-content\"><p>        Concentrateur de donn\u00e9es intelligent DLMS DCU1598  Concentrateur de donn\u00e9es intelligent DLMS DCU1598\u00a0est un concentrateur intelligent pour les syst\u00e8mes de lecture et de contr\u00f4le de compteurs \u00e0 [...]<\/p><\/div><\/div><\/div><\/article><article class=\"fusion-portfolio-post concentrateur-de-donnees-intelligent fusion-col-spacing\"><div class=\"fusion-portfolio-content-wrapper\" style=\"border:1px solid #ebeaea;border-bottom-width:3px;background-color:rgba(255,255,255,0);\">\n\t\n\t\t\t<span class=\"vcard rich-snippet-hidden\">\n\t\t\t<span class=\"fn\">\n\t\t\t\t<a href=\"https:\/\/www.ismartmeters.com\/fr\/author\/ismartme_patrick\/\" title=\"Articles par ismartme_patrick\" rel=\"author\">ismartme_patrick<\/a>\t\t\t<\/span>\n\t\t<\/span>\n\t\n\t\t\t<span class=\"updated rich-snippet-hidden\">\n\t\t\t2021-11-18T17:31:47+08:00\t\t<\/span>\n\t\n\n\n<div  class=\"fusion-image-wrapper\" aria-haspopup=\"true\">\n\t\n\t\n\t\t\n\t\t\t\t\t<img loading=\"lazy\" decoding=\"async\" width=\"1000\" height=\"1000\" src=\"https:\/\/www.ismartmeters.com\/wp-content\/uploads\/2017\/10\/Smart-Data-Concentrator-3.png\" class=\"attachment-full size-full wp-post-image\" alt=\"DCU1598 Unit\u00e9 de concentrateur de donn\u00e9es DCU1598\" srcset=\"https:\/\/www.ismartmeters.com\/wp-content\/uploads\/2017\/10\/Smart-Data-Concentrator-3-200x200.png 200w, https:\/\/www.ismartmeters.com\/wp-content\/uploads\/2017\/10\/Smart-Data-Concentrator-3-400x400.png 400w, https:\/\/www.ismartmeters.com\/wp-content\/uploads\/2017\/10\/Smart-Data-Concentrator-3-600x600.png 600w, https:\/\/www.ismartmeters.com\/wp-content\/uploads\/2017\/10\/Smart-Data-Concentrator-3-800x800.png 800w, https:\/\/www.ismartmeters.com\/wp-content\/uploads\/2017\/10\/Smart-Data-Concentrator-3.png 1000w\" sizes=\"auto, (min-width: 2200px) 100vw, (min-width: 784px) 353px, (min-width: 712px) 530px, (min-width: 640px) 712px, \" \/>\n\t\n\n\t\t<div class=\"fusion-rollover\">\n\t<div class=\"fusion-rollover-content\">\n\n\t\t\t\t\t\t\t\t\t\t\t\t\t\t<a class=\"fusion-rollover-link\" href=\"https:\/\/www.ismartmeters.com\/fr\/products\/concentrateur-de-donnees-dlms-dcu1598\/\">Concentrateur de donn\u00e9es DLMS DCU1598<\/a>\n\t\t\t\n\t\t\t\t\t\t\t\t\t\t\t\t\t\t\n\t\t\t\t\t\t\t\t\n\t\t\t\t\t\t\t\t\t\t\t\t\t<div class=\"fusion-rollover-sep\"><\/div>\n\t\t\t\t\n\t\t\t\t\t\t\t\t\t\t\t\t\t\t\t\t\t\t<a class=\"fusion-rollover-gallery\" href=\"https:\/\/www.ismartmeters.com\/wp-content\/uploads\/2017\/10\/Smart-Data-Concentrator-3.png\" data-id=\"1278\" data-rel=\"iLightbox[gallery-rw-1]\" data-title=\"Unit\u00e9 de concentrateur de donn\u00e9es DCU1598\" data-caption=\"Unit\u00e9 de concentrateur de donn\u00e9es DCU1598\">\n\t\t\t\t\t\tGallery\t\t\t\t\t<\/a>\n\t\t\t\t\t\t\t\t\t\t\t\t\t\t\n\t\t\t\t\n\t\t\t\t\t\t\t\t\n\t\t\t\t\t\t\t\t\n\t\t\n\t\t\t\t<a class=\"fusion-link-wrapper\" href=\"https:\/\/www.ismartmeters.com\/fr\/products\/concentrateur-de-donnees-dlms-dcu1598\/\" aria-label=\"Concentrateur de donn\u00e9es DLMS DCU1598\"><\/a>\n\t<\/div>\n<\/div>\n\n\t\n<\/div>\n<div class=\"fusion-portfolio-content\" style=\"background-color:rgba(255,255,255,0);\"><h2 class=\"entry-title fusion-post-title\"><a href=\"https:\/\/www.ismartmeters.com\/fr\/products\/concentrateur-de-donnees-dlms-dcu1598\/\">Concentrateur de donn\u00e9es DLMS DCU1598<\/a><\/h2><div class=\"fusion-content-sep sep-double sep-solid\" style=\"border-color:#e0dede;\"><\/div><div class=\"fusion-post-content\"><p>      Concentrateur de donn\u00e9es DLMS DCU1598  Concentrateur de donn\u00e9es DLMS DCU1598 I. Pr\u00e9sentation g\u00e9n\u00e9rale Concentrateur de donn\u00e9es DLMS DCU1598 adopte la technologie la plus avanc\u00e9e de micro-\u00e9lectronique, puce informatique, [...]<\/p><\/div><\/div><\/div><\/article><\/div><\/div><div class=\"fusion-clearfix\"><\/div>\n\n\t\t\t\t\t<\/div>\n\t\t\t\t<\/div><\/div><\/div>\n","protected":false},"excerpt":{"rendered":"","protected":false},"author":1,"featured_media":0,"parent":1179,"menu_order":3,"comment_status":"closed","ping_status":"closed","template":"100-width.php","meta":{"_uf_show_specific_survey":0,"_uf_disable_surveys":false,"footnotes":""},"class_list":["post-1206","page","type-page","status-publish","hentry"],"aioseo_notices":[],"_links":{"self":[{"href":"https:\/\/www.ismartmeters.com\/fr\/wp-json\/wp\/v2\/pages\/1206","targetHints":{"allow":["GET"]}}],"collection":[{"href":"https:\/\/www.ismartmeters.com\/fr\/wp-json\/wp\/v2\/pages"}],"about":[{"href":"https:\/\/www.ismartmeters.com\/fr\/wp-json\/wp\/v2\/types\/page"}],"author":[{"embeddable":true,"href":"https:\/\/www.ismartmeters.com\/fr\/wp-json\/wp\/v2\/users\/1"}],"replies":[{"embeddable":true,"href":"https:\/\/www.ismartmeters.com\/fr\/wp-json\/wp\/v2\/comments?post=1206"}],"version-history":[{"count":1,"href":"https:\/\/www.ismartmeters.com\/fr\/wp-json\/wp\/v2\/pages\/1206\/revisions"}],"predecessor-version":[{"id":1207,"href":"https:\/\/www.ismartmeters.com\/fr\/wp-json\/wp\/v2\/pages\/1206\/revisions\/1207"}],"up":[{"embeddable":true,"href":"https:\/\/www.ismartmeters.com\/fr\/wp-json\/wp\/v2\/pages\/1179"}],"wp:attachment":[{"href":"https:\/\/www.ismartmeters.com\/fr\/wp-json\/wp\/v2\/media?parent=1206"}],"curies":[{"name":"wp","href":"https:\/\/api.w.org\/{rel}","templated":true}]}}