{"id":1436,"date":"2018-07-26T13:18:44","date_gmt":"2018-07-26T05:18:44","guid":{"rendered":"https:\/\/www.ismartmeters.com\/sobre-nos\/"},"modified":"2024-11-11T17:39:10","modified_gmt":"2024-11-11T09:39:10","slug":"sobre-nos","status":"publish","type":"page","link":"https:\/\/www.ismartmeters.com\/pt-pt\/sobre-nos\/","title":{"rendered":"Sobre n\u00f3s"},"content":{"rendered":"<div class=\"fusion-fullwidth fullwidth-box nonhundred-percent-fullwidth non-hundred-percent-height-scrolling\"  style='background-color: rgba(255,255,255,0);background-position: center center;background-repeat: no-repeat;padding-top:0px;padding-right:0px;padding-bottom:0px;padding-left:0px;'><div class=\"fusion-builder-row fusion-row \"><div  class=\"fusion-layout-column fusion_builder_column fusion_builder_column_1_1  fusion-one-full fusion-column-first fusion-column-last 1_1\"  style='margin-top:0px;margin-bottom:20px;'>\n\t\t\t\t\t<div class=\"fusion-column-wrapper\" style=\"background-position:left top;background-repeat:no-repeat;-webkit-background-size:cover;-moz-background-size:cover;-o-background-size:cover;background-size:cover;\"  data-bg-url=\"\">\n\t\t\t\t\t\t<div class=\"fusion-title title fusion-sep-none fusion-title-size-two\" style=\"margin-top:0px;margin-bottom:31px;\"><h2 class=\"title-heading-left\">Sobre n\u00f3s<\/h2><\/div><div class=\"fusion-text\"><p>iSmart Meters Co., Ltd. \u00e9 uma empresa de alta tecnologia para desenvolver equipamentos de medi\u00e7\u00e3o, como medidor inteligente, medidor de energia de pr\u00e9-pagamento, medidor de \u00e1gua e concentrador de dados de pr\u00e9-pagamento, Sistema AMI, Sistema de medidor de pr\u00e9-pagamento STS e caixa de medidores e acess\u00f3rios relacionados para servi\u00e7os p\u00fablicos em todo o mundo. Em 1995, a iSmart Meters foi estabelecida na China. Agora temos quase 20.000 metros quadrados de escrit\u00f3rios de P&amp;D e um total de 150.000 metros quadrados como centro de produ\u00e7\u00e3o, bem como parques industriais para novos produtos de rede inteligente em Changsha da prov\u00edncia de Hunan, Wenzhou da prov\u00edncia de Zhejiang e outras cidades na China. A capacidade total de produ\u00e7\u00e3o de medidores iSmart pode chegar a 20 milh\u00f5es de PCs, o que inclui medidores inteligentes 1 e trif\u00e1sicos, concentradores de dados inteligentes e outros tipos de produtos relacionados \u00e0 rede inteligente.<\/p>\n<p>Os medidores iSmart tamb\u00e9m passaram nos relat\u00f3rios de teste de tipo de SCM e SICEM, e obtiveram os certificados de associa\u00e7\u00e3o e produto para medidor de pr\u00e9-pagamento monof\u00e1sico inteligente DDSY1598, medidor de pr\u00e9-pagamento trif\u00e1sico inteligente DTSY1598 e concentrador de dados inteligente DCU1598 da associa\u00e7\u00e3o STS e associa\u00e7\u00e3o DLMS.<\/p>\n<p>Produtos desenvolvidos e fornecidos a partir de medidores iSmart, como medidores de energia e \u00e1gua inteligentes anal\u00f3gicos para digitais, ajudaram os servi\u00e7os p\u00fablicos a faturar com precis\u00e3o o consumo de eletricidade e \u00e1gua. Nossos produtos permitem que os usu\u00e1rios avaliem suas necessidades com precis\u00e3o, al\u00e9m de fornecer uma solu\u00e7\u00e3o personalizada econ\u00f4mica, confi\u00e1vel e f\u00e1cil de usar.<\/p>\n<p>A iSmart Meters vem conquistando sua reputa\u00e7\u00e3o no fornecimento de produtos de qualidade de alto desempenho e servi\u00e7os p\u00f3s-venda, respondendo rapidamente \u00e0s demandas globais por dispositivos de medi\u00e7\u00e3o criativos e precisos. Nossa principal estrat\u00e9gia \u00e9 satisfazer e atender nosso cliente como o primeiro emprego. A iSmart Meters faz um levantamento das necessidades do mercado em todo o mundo e desenvolve uma gama completa de produtos para demandas comerciais, industriais e residenciais. A iSmart Meters Co., Ltd. j\u00e1 vendeu seus produtos para pa\u00edses da Am\u00e9rica do Sul, Sul da \u00c1sia, Oriente M\u00e9dio e \u00c1frica em milh\u00f5es de metros at\u00e9 agora.<\/p>\n<p>A iSmart Meters realmente acredita que a coopera\u00e7\u00e3o e os esfor\u00e7os m\u00fatuos trar\u00e3o para o cliente e para n\u00f3s um futuro brilhante nos mercados. A iSmart Meters sempre trata a necessidade do cliente como o objetivo do pessoal da iSmart Meters, respectivamente.<\/p>\n<\/div><div class=\"fusion-clearfix\"><\/div>\n\n\t\t\t\t\t<\/div>\n\t\t\t\t<\/div><div  class=\"fusion-layout-column fusion_builder_column fusion_builder_column_1_4  fusion-one-fourth fusion-column-first 1_4\"  style='margin-top:0px;margin-bottom:20px;width:25%;width:calc(25% - ( ( 4% + 4% + 4% ) * 0.25 ) );margin-right: 4%;'>\n\t\t\t\t\t<div class=\"fusion-column-wrapper\" style=\"background-position:left top;background-repeat:no-repeat;-webkit-background-size:cover;-moz-background-size:cover;-o-background-size:cover;background-size:cover;\"  data-bg-url=\"\">\n\t\t\t\t\t\t<div class=\"fusion-clearfix\"><\/div>\n\n\t\t\t\t\t<\/div>\n\t\t\t\t<\/div><div  class=\"fusion-layout-column fusion_builder_column fusion_builder_column_1_4  fusion-one-fourth 1_4\"  style='margin-top:0px;margin-bottom:20px;width:25%;width:calc(25% - ( ( 4% + 4% + 4% ) * 0.25 ) );margin-right: 4%;'>\n\t\t\t\t\t<div class=\"fusion-column-wrapper\" style=\"background-position:left top;background-repeat:no-repeat;-webkit-background-size:cover;-moz-background-size:cover;-o-background-size:cover;background-size:cover;\"  data-bg-url=\"\">\n\t\t\t\t\t\t<div class=\"fusion-clearfix\"><\/div>\n\n\t\t\t\t\t<\/div>\n\t\t\t\t<\/div><div  class=\"fusion-layout-column fusion_builder_column fusion_builder_column_1_4  fusion-one-fourth 1_4\"  style='margin-top:0px;margin-bottom:20px;width:25%;width:calc(25% - ( ( 4% + 4% + 4% ) * 0.25 ) );margin-right: 4%;'>\n\t\t\t\t\t<div class=\"fusion-column-wrapper\" style=\"background-position:left top;background-repeat:no-repeat;-webkit-background-size:cover;-moz-background-size:cover;-o-background-size:cover;background-size:cover;\"  data-bg-url=\"\">\n\t\t\t\t\t\t<div class=\"fusion-clearfix\"><\/div>\n\n\t\t\t\t\t<\/div>\n\t\t\t\t<\/div><div  class=\"fusion-layout-column fusion_builder_column fusion_builder_column_1_4  fusion-one-fourth fusion-column-last 1_4\"  style='margin-top:0px;margin-bottom:20px;width:25%;width:calc(25% - ( ( 4% + 4% + 4% ) * 0.25 ) );'>\n\t\t\t\t\t<div class=\"fusion-column-wrapper\" style=\"background-position:left top;background-repeat:no-repeat;-webkit-background-size:cover;-moz-background-size:cover;-o-background-size:cover;background-size:cover;\"  data-bg-url=\"\">\n\t\t\t\t\t\t<div class=\"fusion-clearfix\"><\/div>\n\n\t\t\t\t\t<\/div>\n\t\t\t\t<\/div><div  class=\"fusion-layout-column fusion_builder_column fusion_builder_column_1_1  fusion-one-full fusion-column-first fusion-column-last 1_1\"  style='margin-top:0px;margin-bottom:20px;'>\n\t\t\t\t\t<div class=\"fusion-column-wrapper\" style=\"background-position:left top;background-repeat:no-repeat;-webkit-background-size:cover;-moz-background-size:cover;-o-background-size:cover;background-size:cover;\"  data-bg-url=\"\">\n\t\t\t\t\t\t<div class=\"fusion-title title fusion-sep-none fusion-title-size-two\" style=\"margin-top:0px;margin-bottom:31px;\"><h2 class=\"title-heading-left\"><p style=\"text-align: left;\">Nossa miss\u00e3o<\/p><\/h2><\/div><div class=\"fusion-text\"><p>O iSmart Meters tem como objetivo fornecer um medidor preciso para medir corretamente o consumo;<\/p>\n<p>Os medidores iSmart servem para deixar as concession\u00e1rias de energia e os usu\u00e1rios finais satisfeitos na conta;<\/p>\n<p>iSmart Meters melhora para impulsionar um ecossistema interno para competir em todo o mundo;<\/p>\n<p>O iSmart Meters foi constru\u00eddo para criar uma rede global segura e est\u00e1vel para operar melhor;<\/p>\n<p>A iSmart Meters se esfor\u00e7a para fazer o melhor trabalho para proporcionar um ambiente tranquilo e econ\u00f4mico.<\/p>\n<\/div><div class=\"fusion-clearfix\"><\/div>\n\n\t\t\t\t\t<\/div>\n\t\t\t\t<\/div><\/div><\/div>\n","protected":false},"excerpt":{"rendered":"","protected":false},"author":1,"featured_media":0,"parent":0,"menu_order":2,"comment_status":"closed","ping_status":"closed","template":"contact.php","meta":{"_uf_show_specific_survey":0,"_uf_disable_surveys":false,"footnotes":""},"class_list":["post-1436","page","type-page","status-publish","hentry"],"aioseo_notices":[],"_links":{"self":[{"href":"https:\/\/www.ismartmeters.com\/pt-pt\/wp-json\/wp\/v2\/pages\/1436","targetHints":{"allow":["GET"]}}],"collection":[{"href":"https:\/\/www.ismartmeters.com\/pt-pt\/wp-json\/wp\/v2\/pages"}],"about":[{"href":"https:\/\/www.ismartmeters.com\/pt-pt\/wp-json\/wp\/v2\/types\/page"}],"author":[{"embeddable":true,"href":"https:\/\/www.ismartmeters.com\/pt-pt\/wp-json\/wp\/v2\/users\/1"}],"replies":[{"embeddable":true,"href":"https:\/\/www.ismartmeters.com\/pt-pt\/wp-json\/wp\/v2\/comments?post=1436"}],"version-history":[{"count":11,"href":"https:\/\/www.ismartmeters.com\/pt-pt\/wp-json\/wp\/v2\/pages\/1436\/revisions"}],"predecessor-version":[{"id":4375,"href":"https:\/\/www.ismartmeters.com\/pt-pt\/wp-json\/wp\/v2\/pages\/1436\/revisions\/4375"}],"wp:attachment":[{"href":"https:\/\/www.ismartmeters.com\/pt-pt\/wp-json\/wp\/v2\/media?parent=1436"}],"curies":[{"name":"wp","href":"https:\/\/api.w.org\/{rel}","templated":true}]}}