{"id":1448,"date":"2018-07-26T13:33:24","date_gmt":"2018-07-26T05:33:24","guid":{"rendered":"https:\/\/www.ismartmeters.com\/produtos\/medidor-de-energia-inteligente\/"},"modified":"2018-07-26T13:33:24","modified_gmt":"2018-07-26T05:33:24","slug":"medidor-de-energia-inteligente","status":"publish","type":"page","link":"https:\/\/www.ismartmeters.com\/pt-pt\/produtos\/medidor-de-energia-inteligente\/","title":{"rendered":"Medidor de Energia Inteligente"},"content":{"rendered":"<div class=\"fusion-fullwidth fullwidth-box nonhundred-percent-fullwidth non-hundred-percent-height-scrolling\"  style='background-color: rgba(255,255,255,0);background-position: center center;background-repeat: no-repeat;padding-top:0px;padding-right:0px;padding-bottom:0px;padding-left:0px;'><div class=\"fusion-builder-row fusion-row \"><div  class=\"fusion-layout-column fusion_builder_column fusion_builder_column_1_1  fusion-one-full fusion-column-first fusion-column-last 1_1\"  style='margin-top:0px;margin-bottom:20px;'>\n\t\t\t\t\t<div class=\"fusion-column-wrapper\" style=\"background-position:left top;background-repeat:no-repeat;-webkit-background-size:cover;-moz-background-size:cover;-o-background-size:cover;background-size:cover;\"  data-bg-url=\"\">\n\t\t\t\t\t\t<style type=\"text\/css\">.fusion-portfolio-wrapper#fusion-portfolio-1 .fusion-portfolio-content{  text-align: center; }<\/style><div class=\"fusion-recent-works fusion-portfolio-element fusion-portfolio fusion-portfolio-1 fusion-portfolio-grid fusion-portfolio-paging-none fusion-portfolio-three fusion-portfolio-unboxed fusion-portfolio-text fusion-portfolio-equal-heights fusion-portfolio-rollover\" data-id=\"-rw-1\" data-columns=\"three\"><div role=\"menubar\"><ul class=\"fusion-filters\" role=\"menu\" aria-label=\"filters\"><li role=\"menuitem\" class=\"fusion-filter fusion-filter-all fusion-active\"><a href=\"#\" data-filter=\"*\">All<\/a><\/li><\/ul><\/div><style type=\"text\/css\">.fusion-portfolio-1 .fusion-portfolio-wrapper .fusion-col-spacing{padding:10px;}<\/style><div class=\"fusion-portfolio-wrapper\" id=\"fusion-portfolio-1\" data-picturesize=\"auto\" data-pages=\"1\" style=\"margin:-10px;\"><article class=\"fusion-portfolio-post medidor-de-tipo-bs fusion-col-spacing\"><div class=\"fusion-portfolio-content-wrapper\" style=\"border:none;\">\n\t\n\t\t\t<span class=\"vcard rich-snippet-hidden\">\n\t\t\t<span class=\"fn\">\n\t\t\t\t<a href=\"https:\/\/www.ismartmeters.com\/pt-pt\/author\/ismartme_patrick\/\" title=\"Artigos de ismartme_patrick\" rel=\"author\">ismartme_patrick<\/a>\t\t\t<\/span>\n\t\t<\/span>\n\t\n\t\t\t<span class=\"updated rich-snippet-hidden\">\n\t\t\t2025-08-12T10:50:49+08:00\t\t<\/span>\n\t\n\n\n<div  class=\"fusion-image-wrapper\" aria-haspopup=\"true\">\n\t\n\t\n\t\t\n\t\t\t\t\t<img loading=\"lazy\" decoding=\"async\" width=\"1000\" height=\"1000\" src=\"https:\/\/www.ismartmeters.com\/wp-content\/uploads\/2021\/04\/Contador-de-energia-pre-pago-inteligente-trifasico-DTSY1598-com-dois-modulos-substituiveis.jpg\" class=\"attachment-full size-full wp-post-image\" alt=\"Contador de energia pr\u00e9-pago inteligente trif\u00e1sico DTSY1598 com dois m\u00f3dulos substitu\u00edveis\" srcset=\"https:\/\/www.ismartmeters.com\/wp-content\/uploads\/2021\/04\/Contador-de-energia-pre-pago-inteligente-trifasico-DTSY1598-com-dois-modulos-substituiveis-200x200.jpg 200w, https:\/\/www.ismartmeters.com\/wp-content\/uploads\/2021\/04\/Contador-de-energia-pre-pago-inteligente-trifasico-DTSY1598-com-dois-modulos-substituiveis-400x400.jpg 400w, https:\/\/www.ismartmeters.com\/wp-content\/uploads\/2021\/04\/Contador-de-energia-pre-pago-inteligente-trifasico-DTSY1598-com-dois-modulos-substituiveis-600x600.jpg 600w, https:\/\/www.ismartmeters.com\/wp-content\/uploads\/2021\/04\/Contador-de-energia-pre-pago-inteligente-trifasico-DTSY1598-com-dois-modulos-substituiveis-800x800.jpg 800w, https:\/\/www.ismartmeters.com\/wp-content\/uploads\/2021\/04\/Contador-de-energia-pre-pago-inteligente-trifasico-DTSY1598-com-dois-modulos-substituiveis.jpg 1000w\" sizes=\"auto, (min-width: 2200px) 100vw, (min-width: 784px) 353px, (min-width: 712px) 530px, (min-width: 640px) 712px, \" \/>\n\t\n\n\t\t<div class=\"fusion-rollover\">\n\t<div class=\"fusion-rollover-content\">\n\n\t\t\t\t\t\t\t\t\t\t\t\t\t\t<a class=\"fusion-rollover-link\" href=\"https:\/\/www.ismartmeters.com\/pt-pt\/products\/medidor-pre-pago-inteligente-trifasico-dlms-dtsy1598\/\">Medidor pr\u00e9-pago inteligente trif\u00e1sico DLMS DTSY1598<\/a>\n\t\t\t\n\t\t\t\t\t\t\t\t\t\t\t\t\t\t\n\t\t\t\t\t\t\t\t\n\t\t\t\t\t\t\t\t\t\t\t\t\t<div class=\"fusion-rollover-sep\"><\/div>\n\t\t\t\t\n\t\t\t\t\t\t\t\t\t\t\t\t\t\t\t\t\t\t<a class=\"fusion-rollover-gallery\" href=\"https:\/\/www.ismartmeters.com\/wp-content\/uploads\/2021\/04\/Contador-de-energia-pre-pago-inteligente-trifasico-DTSY1598-com-dois-modulos-substituiveis.jpg\" data-id=\"2862\" data-rel=\"iLightbox[gallery-rw-1]\" data-title=\"Contador de energia pr\u00e9-pago inteligente trif\u00e1sico DTSY1598 com dois m\u00f3dulos substitu\u00edveis\" data-caption=\"Contador de energia pr\u00e9-pago inteligente trif\u00e1sico DTSY1598 com dois m\u00f3dulos substitu\u00edveis\">\n\t\t\t\t\t\tGallery\t\t\t\t\t<\/a>\n\t\t\t\t\t\t\t\t\t\t\t\t\t\t\n\t\t\t\t\n\t\t\t\t\t\t\t\t\n\t\t\t\t\t\t\t\t\n\t\t\n\t\t\t\t<a class=\"fusion-link-wrapper\" href=\"https:\/\/www.ismartmeters.com\/pt-pt\/products\/medidor-pre-pago-inteligente-trifasico-dlms-dtsy1598\/\" aria-label=\"Medidor pr\u00e9-pago inteligente trif\u00e1sico DLMS DTSY1598\"><\/a>\n\t<\/div>\n<\/div>\n\n\t\n<\/div>\n<div class=\"fusion-portfolio-content\"><h2 class=\"entry-title fusion-post-title\"><a href=\"https:\/\/www.ismartmeters.com\/pt-pt\/products\/medidor-pre-pago-inteligente-trifasico-dlms-dtsy1598\/\">Medidor pr\u00e9-pago inteligente trif\u00e1sico DLMS DTSY1598<\/a><\/h2><div class=\"fusion-post-content\"><\/div><\/div><\/div><\/article><article class=\"fusion-portfolio-post medidor-de-norma-ansi fusion-col-spacing\"><div class=\"fusion-portfolio-content-wrapper\" style=\"border:none;\">\n\t\n\t\t\t<span class=\"vcard rich-snippet-hidden\">\n\t\t\t<span class=\"fn\">\n\t\t\t\t<a href=\"https:\/\/www.ismartmeters.com\/pt-pt\/author\/ismartme_patrick\/\" title=\"Artigos de ismartme_patrick\" rel=\"author\">ismartme_patrick<\/a>\t\t\t<\/span>\n\t\t<\/span>\n\t\n\t\t\t<span class=\"updated rich-snippet-hidden\">\n\t\t\t2019-05-02T19:59:04+08:00\t\t<\/span>\n\t\n\n\n<div  class=\"fusion-image-wrapper\" aria-haspopup=\"true\">\n\t\n\t\n\t\t\n\t\t\t\t\t<img loading=\"lazy\" decoding=\"async\" width=\"1000\" height=\"1000\" src=\"https:\/\/www.ismartmeters.com\/wp-content\/uploads\/2017\/10\/Single-Phase-FM-2S-ANSI-Round-Energy-Meter-1-400x400.png\" class=\"attachment-full size-full wp-post-image\" alt=\"Single Phase FM 1S 2S ANSI Round Energy Meter\" srcset=\"https:\/\/www.ismartmeters.com\/wp-content\/uploads\/2017\/10\/Single-Phase-FM-2S-ANSI-Round-Energy-Meter-1-200x200.png 200w, https:\/\/www.ismartmeters.com\/wp-content\/uploads\/2017\/10\/Single-Phase-FM-2S-ANSI-Round-Energy-Meter-1-400x400.png 400w, https:\/\/www.ismartmeters.com\/wp-content\/uploads\/2017\/10\/Single-Phase-FM-2S-ANSI-Round-Energy-Meter-1-600x600.png 600w, https:\/\/www.ismartmeters.com\/wp-content\/uploads\/2017\/10\/Single-Phase-FM-2S-ANSI-Round-Energy-Meter-1-800x800.png 800w, https:\/\/www.ismartmeters.com\/wp-content\/uploads\/2017\/10\/Single-Phase-FM-2S-ANSI-Round-Energy-Meter-1.png 1000w\" sizes=\"auto, (min-width: 2200px) 100vw, (min-width: 784px) 353px, (min-width: 712px) 530px, (min-width: 640px) 712px, \" \/>\n\t\n\n\t\t<div class=\"fusion-rollover\">\n\t<div class=\"fusion-rollover-content\">\n\n\t\t\t\t\t\t\t\t\t\t\t\t\t\t<a class=\"fusion-rollover-link\" href=\"https:\/\/www.ismartmeters.com\/pt-pt\/products\/medidor-de-energia-de-soquete-ansi-de-fase-monofasica-dds1598\/\">Medidor de energia de soquete ANSI de fase monof\u00e1sica DDS1598<\/a>\n\t\t\t\n\t\t\t\t\t\t\t\t\t\t\t\t\t\t\n\t\t\t\t\t\t\t\t\n\t\t\t\t\t\t\t\t\t\t\t\t\t<div class=\"fusion-rollover-sep\"><\/div>\n\t\t\t\t\n\t\t\t\t\t\t\t\t\t\t\t\t\t\t\t\t\t\t<a class=\"fusion-rollover-gallery\" href=\"https:\/\/www.ismartmeters.com\/wp-content\/uploads\/2017\/10\/Single-Phase-FM-2S-ANSI-Round-Energy-Meter-1.png\" data-id=\"1613\" data-rel=\"iLightbox[gallery-rw-1]\" data-title=\"Single Phase FM 2S ANSI Round Energy Meter\" data-caption=\"Single Phase FM 1S 2S ANSI Round Energy Meter\">\n\t\t\t\t\t\tGallery\t\t\t\t\t<\/a>\n\t\t\t\t\t\t\t\t\t\t\t\t\t\t\n\t\t\t\t\n\t\t\t\t\t\t\t\t\n\t\t\t\t\t\t\t\t\n\t\t\n\t\t\t\t<a class=\"fusion-link-wrapper\" href=\"https:\/\/www.ismartmeters.com\/pt-pt\/products\/medidor-de-energia-de-soquete-ansi-de-fase-monofasica-dds1598\/\" aria-label=\"Medidor de energia de soquete ANSI de fase monof\u00e1sica DDS1598\"><\/a>\n\t<\/div>\n<\/div>\n\n\t\n<\/div>\n<div class=\"fusion-portfolio-content\"><h2 class=\"entry-title fusion-post-title\"><a href=\"https:\/\/www.ismartmeters.com\/pt-pt\/products\/medidor-de-energia-de-soquete-ansi-de-fase-monofasica-dds1598\/\">Medidor de energia de soquete ANSI de fase monof\u00e1sica DDS1598<\/a><\/h2><div class=\"fusion-post-content\"><\/div><\/div><\/div><\/article><article class=\"fusion-portfolio-post medidor-de-tipo-bs medidor-de-tipo-dinrail fusion-col-spacing\"><div class=\"fusion-portfolio-content-wrapper\" style=\"border:none;\">\n\t\n\t\t\t<span class=\"vcard rich-snippet-hidden\">\n\t\t\t<span class=\"fn\">\n\t\t\t\t<a href=\"https:\/\/www.ismartmeters.com\/pt-pt\/author\/ismartme_patrick\/\" title=\"Artigos de ismartme_patrick\" rel=\"author\">ismartme_patrick<\/a>\t\t\t<\/span>\n\t\t<\/span>\n\t\n\t\t\t<span class=\"updated rich-snippet-hidden\">\n\t\t\t2024-11-12T18:43:05+08:00\t\t<\/span>\n\t\n\n\n<div  class=\"fusion-image-wrapper\" aria-haspopup=\"true\">\n\t\n\t\n\t\t\n\t\t\t\t\t<img loading=\"lazy\" decoding=\"async\" width=\"1000\" height=\"1000\" src=\"https:\/\/www.ismartmeters.com\/wp-content\/uploads\/2017\/10\/DDSY1598-Single-Phase-Smart-STS-G3-PLC-Split-Din-Rail-Prepaid-Meter.jpg\" class=\"attachment-full size-full wp-post-image\" alt=\"DDSY1598 Single Phase Smart STS G3-PLC Split Din Rail Prepaid Meter\" srcset=\"https:\/\/www.ismartmeters.com\/wp-content\/uploads\/2017\/10\/DDSY1598-Single-Phase-Smart-STS-G3-PLC-Split-Din-Rail-Prepaid-Meter-200x200.jpg 200w, https:\/\/www.ismartmeters.com\/wp-content\/uploads\/2017\/10\/DDSY1598-Single-Phase-Smart-STS-G3-PLC-Split-Din-Rail-Prepaid-Meter-400x400.jpg 400w, https:\/\/www.ismartmeters.com\/wp-content\/uploads\/2017\/10\/DDSY1598-Single-Phase-Smart-STS-G3-PLC-Split-Din-Rail-Prepaid-Meter-600x600.jpg 600w, https:\/\/www.ismartmeters.com\/wp-content\/uploads\/2017\/10\/DDSY1598-Single-Phase-Smart-STS-G3-PLC-Split-Din-Rail-Prepaid-Meter-800x800.jpg 800w, https:\/\/www.ismartmeters.com\/wp-content\/uploads\/2017\/10\/DDSY1598-Single-Phase-Smart-STS-G3-PLC-Split-Din-Rail-Prepaid-Meter.jpg 1000w\" sizes=\"auto, (min-width: 2200px) 100vw, (min-width: 784px) 353px, (min-width: 712px) 530px, (min-width: 640px) 712px, \" \/>\n\t\n\n\t\t<div class=\"fusion-rollover\">\n\t<div class=\"fusion-rollover-content\">\n\n\t\t\t\t\t\t\t\t\t\t\t\t\t\t<a class=\"fusion-rollover-link\" href=\"https:\/\/www.ismartmeters.com\/pt-pt\/products\/medidor-energia-pre-pago-monofasico-em-trilho-din-sts-ddsy1598\/\">Medidor de energia pr\u00e9-pago monof\u00e1sico em trilho DIN STS DDSY1598<\/a>\n\t\t\t\n\t\t\t\t\t\t\t\t\t\t\t\t\t\t\n\t\t\t\t\t\t\t\t\n\t\t\t\t\t\t\t\t\t\t\t\t\t<div class=\"fusion-rollover-sep\"><\/div>\n\t\t\t\t\n\t\t\t\t\t\t\t\t\t\t\t\t\t\t\t\t\t\t<a class=\"fusion-rollover-gallery\" href=\"https:\/\/www.ismartmeters.com\/wp-content\/uploads\/2017\/10\/DDSY1598-Single-Phase-Smart-STS-G3-PLC-Split-Din-Rail-Prepaid-Meter.jpg\" data-id=\"1607\" data-rel=\"iLightbox[gallery-rw-1]\" data-title=\"DDSY1598 Single Phase Smart STS G3-PLC Split Din Rail Prepaid Meter\" data-caption=\"DDSY1598 DLMS Single Phase Smart STS G3-PLC Split Din Rail Prepaid Meter\">\n\t\t\t\t\t\tGallery\t\t\t\t\t<\/a>\n\t\t\t\t\t\t\t\t\t\t\t\t\t\t\n\t\t\t\t\n\t\t\t\t\t\t\t\t\n\t\t\t\t\t\t\t\t\n\t\t\n\t\t\t\t<a class=\"fusion-link-wrapper\" href=\"https:\/\/www.ismartmeters.com\/pt-pt\/products\/medidor-energia-pre-pago-monofasico-em-trilho-din-sts-ddsy1598\/\" aria-label=\"Medidor de energia pr\u00e9-pago monof\u00e1sico em trilho DIN STS DDSY1598\"><\/a>\n\t<\/div>\n<\/div>\n\n\t\n<\/div>\n<div class=\"fusion-portfolio-content\"><h2 class=\"entry-title fusion-post-title\"><a href=\"https:\/\/www.ismartmeters.com\/pt-pt\/products\/medidor-energia-pre-pago-monofasico-em-trilho-din-sts-ddsy1598\/\">Medidor de energia pr\u00e9-pago monof\u00e1sico em trilho DIN STS DDSY1598<\/a><\/h2><div class=\"fusion-post-content\"><\/div><\/div><\/div><\/article><article class=\"fusion-portfolio-post medidor-de-tipo-bs fusion-col-spacing\"><div class=\"fusion-portfolio-content-wrapper\" style=\"border:none;\">\n\t\n\t\t\t<span class=\"vcard rich-snippet-hidden\">\n\t\t\t<span class=\"fn\">\n\t\t\t\t<a href=\"https:\/\/www.ismartmeters.com\/pt-pt\/author\/ismartme_patrick\/\" title=\"Artigos de ismartme_patrick\" rel=\"author\">ismartme_patrick<\/a>\t\t\t<\/span>\n\t\t<\/span>\n\t\n\t\t\t<span class=\"updated rich-snippet-hidden\">\n\t\t\t2022-02-11T17:22:33+08:00\t\t<\/span>\n\t\n\n\n<div  class=\"fusion-image-wrapper\" aria-haspopup=\"true\">\n\t\n\t\n\t\t\n\t\t\t\t\t<img loading=\"lazy\" decoding=\"async\" width=\"1000\" height=\"1000\" src=\"https:\/\/www.ismartmeters.com\/wp-content\/uploads\/2017\/10\/Three-Phase-Smart-STS-Keypad-Prepayment-Energy-Meter-2-400x400.jpg\" class=\"attachment-full size-full wp-post-image\" alt=\"Compteur intelligent \u00e0 pr\u00e9paiement triphas\u00e9 Conforme DLMS DTSY1598\" srcset=\"https:\/\/www.ismartmeters.com\/wp-content\/uploads\/2017\/10\/Three-Phase-Smart-STS-Keypad-Prepayment-Energy-Meter-2-200x200.jpg 200w, https:\/\/www.ismartmeters.com\/wp-content\/uploads\/2017\/10\/Three-Phase-Smart-STS-Keypad-Prepayment-Energy-Meter-2-400x400.jpg 400w, https:\/\/www.ismartmeters.com\/wp-content\/uploads\/2017\/10\/Three-Phase-Smart-STS-Keypad-Prepayment-Energy-Meter-2-600x600.jpg 600w, https:\/\/www.ismartmeters.com\/wp-content\/uploads\/2017\/10\/Three-Phase-Smart-STS-Keypad-Prepayment-Energy-Meter-2-800x800.jpg 800w, https:\/\/www.ismartmeters.com\/wp-content\/uploads\/2017\/10\/Three-Phase-Smart-STS-Keypad-Prepayment-Energy-Meter-2.jpg 1000w\" sizes=\"auto, (min-width: 2200px) 100vw, (min-width: 784px) 353px, (min-width: 712px) 530px, (min-width: 640px) 712px, \" \/>\n\t\n\n\t\t<div class=\"fusion-rollover\">\n\t<div class=\"fusion-rollover-content\">\n\n\t\t\t\t\t\t\t\t\t\t\t\t\t\t<a class=\"fusion-rollover-link\" href=\"https:\/\/www.ismartmeters.com\/pt-pt\/products\/medidor-de-energia-pre-pagamento-inteligente-trifasico-dlms-dtsy1598\/\">Medidor de energia pr\u00e9-pagamento inteligente trif\u00e1sico DLMS DTSY1598<\/a>\n\t\t\t\n\t\t\t\t\t\t\t\t\t\t\t\t\t\t\n\t\t\t\t\t\t\t\t\n\t\t\t\t\t\t\t\t\t\t\t\t\t<div class=\"fusion-rollover-sep\"><\/div>\n\t\t\t\t\n\t\t\t\t\t\t\t\t\t\t\t\t\t\t\t\t\t\t<a class=\"fusion-rollover-gallery\" href=\"https:\/\/www.ismartmeters.com\/wp-content\/uploads\/2017\/10\/Three-Phase-Smart-STS-Keypad-Prepayment-Energy-Meter-2.jpg\" data-id=\"1603\" data-rel=\"iLightbox[gallery-rw-1]\" data-title=\"DDSY1598 monof\u00e1sico STS dividir tipo Dinrail teclado pr\u00e9-pagamento medidor de energia\" data-caption=\"Compteur intelligent \u00e0 pr\u00e9paiement triphas\u00e9 Conforme DLMS DTSY1598\">\n\t\t\t\t\t\tGallery\t\t\t\t\t<\/a>\n\t\t\t\t\t\t\t\t\t\t\t\t\t\t\n\t\t\t\t\n\t\t\t\t\t\t\t\t\n\t\t\t\t\t\t\t\t\n\t\t\n\t\t\t\t<a class=\"fusion-link-wrapper\" href=\"https:\/\/www.ismartmeters.com\/pt-pt\/products\/medidor-de-energia-pre-pagamento-inteligente-trifasico-dlms-dtsy1598\/\" aria-label=\"Medidor de energia pr\u00e9-pagamento inteligente trif\u00e1sico DLMS DTSY1598\"><\/a>\n\t<\/div>\n<\/div>\n\n\t\n<\/div>\n<div class=\"fusion-portfolio-content\"><h2 class=\"entry-title fusion-post-title\"><a href=\"https:\/\/www.ismartmeters.com\/pt-pt\/products\/medidor-de-energia-pre-pagamento-inteligente-trifasico-dlms-dtsy1598\/\">Medidor de energia pr\u00e9-pagamento inteligente trif\u00e1sico DLMS DTSY1598<\/a><\/h2><div class=\"fusion-post-content\"><\/div><\/div><\/div><\/article><article class=\"fusion-portfolio-post medidor-de-tipo-bs fusion-col-spacing\"><div class=\"fusion-portfolio-content-wrapper\" style=\"border:none;\">\n\t\n\t\t\t<span class=\"vcard rich-snippet-hidden\">\n\t\t\t<span class=\"fn\">\n\t\t\t\t<a href=\"https:\/\/www.ismartmeters.com\/pt-pt\/author\/ismartme_patrick\/\" title=\"Artigos de ismartme_patrick\" rel=\"author\">ismartme_patrick<\/a>\t\t\t<\/span>\n\t\t<\/span>\n\t\n\t\t\t<span class=\"updated rich-snippet-hidden\">\n\t\t\t2022-02-11T18:23:10+08:00\t\t<\/span>\n\t\n\n\n<div  class=\"fusion-image-wrapper\" aria-haspopup=\"true\">\n\t\n\t\n\t\t\n\t\t\t\t\t<img loading=\"lazy\" decoding=\"async\" width=\"1000\" height=\"1000\" src=\"https:\/\/www.ismartmeters.com\/wp-content\/uploads\/2017\/10\/Single-Phase-Smart-STS-Keypad-Prepayment-Energy-Meter-400x400.png\" class=\"attachment-full size-full wp-post-image\" alt=\"DDSY1598 Smart DLMS BS Type Single Phase STS Prepayment Meter\" srcset=\"https:\/\/www.ismartmeters.com\/wp-content\/uploads\/2017\/10\/Single-Phase-Smart-STS-Keypad-Prepayment-Energy-Meter-200x200.png 200w, https:\/\/www.ismartmeters.com\/wp-content\/uploads\/2017\/10\/Single-Phase-Smart-STS-Keypad-Prepayment-Energy-Meter-400x400.png 400w, https:\/\/www.ismartmeters.com\/wp-content\/uploads\/2017\/10\/Single-Phase-Smart-STS-Keypad-Prepayment-Energy-Meter-600x600.png 600w, https:\/\/www.ismartmeters.com\/wp-content\/uploads\/2017\/10\/Single-Phase-Smart-STS-Keypad-Prepayment-Energy-Meter-800x800.png 800w, https:\/\/www.ismartmeters.com\/wp-content\/uploads\/2017\/10\/Single-Phase-Smart-STS-Keypad-Prepayment-Energy-Meter.png 1000w\" sizes=\"auto, (min-width: 2200px) 100vw, (min-width: 784px) 353px, (min-width: 712px) 530px, (min-width: 640px) 712px, \" \/>\n\t\n\n\t\t<div class=\"fusion-rollover\">\n\t<div class=\"fusion-rollover-content\">\n\n\t\t\t\t\t\t\t\t\t\t\t\t\t\t<a class=\"fusion-rollover-link\" href=\"https:\/\/www.ismartmeters.com\/pt-pt\/products\/medidor-energia-pre-pago-inteligente-monofasico-sts-dlms-ddsy1598\/\">Medidor energia pr\u00e9-pago inteligente monof\u00e1sico STS DLMS DDSY1598<\/a>\n\t\t\t\n\t\t\t\t\t\t\t\t\t\t\t\t\t\t\n\t\t\t\t\t\t\t\t\n\t\t\t\t\t\t\t\t\t\t\t\t\t<div class=\"fusion-rollover-sep\"><\/div>\n\t\t\t\t\n\t\t\t\t\t\t\t\t\t\t\t\t\t\t\t\t\t\t<a class=\"fusion-rollover-gallery\" href=\"https:\/\/www.ismartmeters.com\/wp-content\/uploads\/2017\/10\/Single-Phase-Smart-STS-Keypad-Prepayment-Energy-Meter.png\" data-id=\"1601\" data-rel=\"iLightbox[gallery-rw-1]\" data-title=\"Single Phase Smart STS Keypad Prepayment Energy Meter\" data-caption=\"DDSY1598 Smart DLMS BS Type Single Phase STS Prepayment Meter\">\n\t\t\t\t\t\tGallery\t\t\t\t\t<\/a>\n\t\t\t\t\t\t\t\t\t\t\t\t\t\t\n\t\t\t\t\n\t\t\t\t\t\t\t\t\n\t\t\t\t\t\t\t\t\n\t\t\n\t\t\t\t<a class=\"fusion-link-wrapper\" href=\"https:\/\/www.ismartmeters.com\/pt-pt\/products\/medidor-energia-pre-pago-inteligente-monofasico-sts-dlms-ddsy1598\/\" aria-label=\"Medidor energia pr\u00e9-pago inteligente monof\u00e1sico STS DLMS DDSY1598\"><\/a>\n\t<\/div>\n<\/div>\n\n\t\n<\/div>\n<div class=\"fusion-portfolio-content\"><h2 class=\"entry-title fusion-post-title\"><a href=\"https:\/\/www.ismartmeters.com\/pt-pt\/products\/medidor-energia-pre-pago-inteligente-monofasico-sts-dlms-ddsy1598\/\">Medidor energia pr\u00e9-pago inteligente monof\u00e1sico STS DLMS DDSY1598<\/a><\/h2><div class=\"fusion-post-content\"><\/div><\/div><\/div><\/article><article class=\"fusion-portfolio-post medidor-de-tipo-bs fusion-col-spacing\"><div class=\"fusion-portfolio-content-wrapper\" style=\"border:none;\">\n\t\n\t\t\t<span class=\"vcard rich-snippet-hidden\">\n\t\t\t<span class=\"fn\">\n\t\t\t\t<a href=\"https:\/\/www.ismartmeters.com\/pt-pt\/author\/ismartme_patrick\/\" title=\"Artigos de ismartme_patrick\" rel=\"author\">ismartme_patrick<\/a>\t\t\t<\/span>\n\t\t<\/span>\n\t\n\t\t\t<span class=\"updated rich-snippet-hidden\">\n\t\t\t2019-05-02T20:00:39+08:00\t\t<\/span>\n\t\n\n\n<div  class=\"fusion-image-wrapper\" aria-haspopup=\"true\">\n\t\n\t\n\t\t\n\t\t\t\t\t<img loading=\"lazy\" decoding=\"async\" width=\"1000\" height=\"1000\" src=\"https:\/\/www.ismartmeters.com\/wp-content\/uploads\/2017\/10\/CIU-1-400x400.jpg\" class=\"attachment-full size-full wp-post-image\" alt=\"User Interface Unit\" srcset=\"https:\/\/www.ismartmeters.com\/wp-content\/uploads\/2017\/10\/CIU-1-200x200.jpg 200w, https:\/\/www.ismartmeters.com\/wp-content\/uploads\/2017\/10\/CIU-1-400x400.jpg 400w, https:\/\/www.ismartmeters.com\/wp-content\/uploads\/2017\/10\/CIU-1-600x600.jpg 600w, https:\/\/www.ismartmeters.com\/wp-content\/uploads\/2017\/10\/CIU-1-800x800.jpg 800w, https:\/\/www.ismartmeters.com\/wp-content\/uploads\/2017\/10\/CIU-1.jpg 1000w\" sizes=\"auto, (min-width: 2200px) 100vw, (min-width: 784px) 353px, (min-width: 712px) 530px, (min-width: 640px) 712px, \" \/>\n\t\n\n\t\t<div class=\"fusion-rollover\">\n\t<div class=\"fusion-rollover-content\">\n\n\t\t\t\t\t\t\t\t\t\t\t\t\t\t<a class=\"fusion-rollover-link\" href=\"https:\/\/www.ismartmeters.com\/pt-pt\/products\/ddsy1598-sts-divisao-de-pre-pagamento-unidade-de-interface-de-usuario\/\">DDSY1598 STS Divis\u00e3o de Pr\u00e9-pagamento Unidade de Interface de Usu\u00e1rio<\/a>\n\t\t\t\n\t\t\t\t\t\t\t\t\t\t\t\t\t\t\n\t\t\t\t\t\t\t\t\n\t\t\t\t\t\t\t\t\t\t\t\t\t<div class=\"fusion-rollover-sep\"><\/div>\n\t\t\t\t\n\t\t\t\t\t\t\t\t\t\t\t\t\t\t\t\t\t\t<a class=\"fusion-rollover-gallery\" href=\"https:\/\/www.ismartmeters.com\/wp-content\/uploads\/2017\/10\/CIU-1.jpg\" data-id=\"1595\" data-rel=\"iLightbox[gallery-rw-1]\" data-title=\"CIU\" data-caption=\"User Interface Unit\">\n\t\t\t\t\t\tGallery\t\t\t\t\t<\/a>\n\t\t\t\t\t\t\t\t\t\t\t\t\t\t\n\t\t\t\t\n\t\t\t\t\t\t\t\t\n\t\t\t\t\t\t\t\t\n\t\t\n\t\t\t\t<a class=\"fusion-link-wrapper\" href=\"https:\/\/www.ismartmeters.com\/pt-pt\/products\/ddsy1598-sts-divisao-de-pre-pagamento-unidade-de-interface-de-usuario\/\" aria-label=\"DDSY1598 STS Divis\u00e3o de Pr\u00e9-pagamento Unidade de Interface de Usu\u00e1rio\"><\/a>\n\t<\/div>\n<\/div>\n\n\t\n<\/div>\n<div class=\"fusion-portfolio-content\"><h2 class=\"entry-title fusion-post-title\"><a href=\"https:\/\/www.ismartmeters.com\/pt-pt\/products\/ddsy1598-sts-divisao-de-pre-pagamento-unidade-de-interface-de-usuario\/\">DDSY1598 STS Divis\u00e3o de Pr\u00e9-pagamento Unidade de Interface de Usu\u00e1rio<\/a><\/h2><div class=\"fusion-post-content\"><\/div><\/div><\/div><\/article><article class=\"fusion-portfolio-post medidor-de-tipo-bs fusion-col-spacing\"><div class=\"fusion-portfolio-content-wrapper\" style=\"border:none;\">\n\t\n\t\t\t<span class=\"vcard rich-snippet-hidden\">\n\t\t\t<span class=\"fn\">\n\t\t\t\t<a href=\"https:\/\/www.ismartmeters.com\/pt-pt\/author\/ismartme_patrick\/\" title=\"Artigos de ismartme_patrick\" rel=\"author\">ismartme_patrick<\/a>\t\t\t<\/span>\n\t\t<\/span>\n\t\n\t\t\t<span class=\"updated rich-snippet-hidden\">\n\t\t\t2019-05-02T20:02:19+08:00\t\t<\/span>\n\t\n\n\n<div  class=\"fusion-image-wrapper\" aria-haspopup=\"true\">\n\t\n\t\n\t\t\n\t\t\t\t\t<img loading=\"lazy\" decoding=\"async\" width=\"1000\" height=\"1000\" src=\"https:\/\/www.ismartmeters.com\/wp-content\/uploads\/2017\/10\/Single-Phase-Conventional-Energy-Meter-1-400x400.jpg\" class=\"attachment-full size-full wp-post-image\" alt=\"Single Phase Conventional Energy Meter\" srcset=\"https:\/\/www.ismartmeters.com\/wp-content\/uploads\/2017\/10\/Single-Phase-Conventional-Energy-Meter-1-200x200.jpg 200w, https:\/\/www.ismartmeters.com\/wp-content\/uploads\/2017\/10\/Single-Phase-Conventional-Energy-Meter-1-400x400.jpg 400w, https:\/\/www.ismartmeters.com\/wp-content\/uploads\/2017\/10\/Single-Phase-Conventional-Energy-Meter-1-600x600.jpg 600w, https:\/\/www.ismartmeters.com\/wp-content\/uploads\/2017\/10\/Single-Phase-Conventional-Energy-Meter-1-800x800.jpg 800w, https:\/\/www.ismartmeters.com\/wp-content\/uploads\/2017\/10\/Single-Phase-Conventional-Energy-Meter-1.jpg 1000w\" sizes=\"auto, (min-width: 2200px) 100vw, (min-width: 784px) 353px, (min-width: 712px) 530px, (min-width: 640px) 712px, \" \/>\n\t\n\n\t\t<div class=\"fusion-rollover\">\n\t<div class=\"fusion-rollover-content\">\n\n\t\t\t\t\t\t\t\t\t\t\t\t\t\t<a class=\"fusion-rollover-link\" href=\"https:\/\/www.ismartmeters.com\/pt-pt\/products\/medidor-de-energia-normal-monofasica-dds1598\/\">Medidor de energia normal monof\u00e1sica DDS1598<\/a>\n\t\t\t\n\t\t\t\t\t\t\t\t\t\t\t\t\t\t\n\t\t\t\t\t\t\t\t\n\t\t\t\t\t\t\t\t\t\t\t\t\t<div class=\"fusion-rollover-sep\"><\/div>\n\t\t\t\t\n\t\t\t\t\t\t\t\t\t\t\t\t\t\t\t\t\t\t<a class=\"fusion-rollover-gallery\" href=\"https:\/\/www.ismartmeters.com\/wp-content\/uploads\/2017\/10\/Single-Phase-Conventional-Energy-Meter-1.jpg\" data-id=\"1591\" data-rel=\"iLightbox[gallery-rw-1]\" data-title=\"Single Phase Conventional Energy Meter\" data-caption=\"Single Phase Conventional Energy Meter\">\n\t\t\t\t\t\tGallery\t\t\t\t\t<\/a>\n\t\t\t\t\t\t\t\t\t\t\t\t\t\t\n\t\t\t\t\n\t\t\t\t\t\t\t\t\n\t\t\t\t\t\t\t\t\n\t\t\n\t\t\t\t<a class=\"fusion-link-wrapper\" href=\"https:\/\/www.ismartmeters.com\/pt-pt\/products\/medidor-de-energia-normal-monofasica-dds1598\/\" aria-label=\"Medidor de energia normal monof\u00e1sica DDS1598\"><\/a>\n\t<\/div>\n<\/div>\n\n\t\n<\/div>\n<div class=\"fusion-portfolio-content\"><h2 class=\"entry-title fusion-post-title\"><a href=\"https:\/\/www.ismartmeters.com\/pt-pt\/products\/medidor-de-energia-normal-monofasica-dds1598\/\">Medidor de energia normal monof\u00e1sica DDS1598<\/a><\/h2><div class=\"fusion-post-content\"><\/div><\/div><\/div><\/article><\/div><\/div><div class=\"fusion-clearfix\"><\/div>\n\n\t\t\t\t\t<\/div>\n\t\t\t\t<\/div><\/div><\/div>\n","protected":false},"excerpt":{"rendered":"","protected":false},"author":1,"featured_media":0,"parent":1444,"menu_order":1,"comment_status":"closed","ping_status":"closed","template":"100-width.php","meta":{"_uf_show_specific_survey":0,"_uf_disable_surveys":false,"footnotes":""},"class_list":["post-1448","page","type-page","status-publish","hentry"],"aioseo_notices":[],"_links":{"self":[{"href":"https:\/\/www.ismartmeters.com\/pt-pt\/wp-json\/wp\/v2\/pages\/1448","targetHints":{"allow":["GET"]}}],"collection":[{"href":"https:\/\/www.ismartmeters.com\/pt-pt\/wp-json\/wp\/v2\/pages"}],"about":[{"href":"https:\/\/www.ismartmeters.com\/pt-pt\/wp-json\/wp\/v2\/types\/page"}],"author":[{"embeddable":true,"href":"https:\/\/www.ismartmeters.com\/pt-pt\/wp-json\/wp\/v2\/users\/1"}],"replies":[{"embeddable":true,"href":"https:\/\/www.ismartmeters.com\/pt-pt\/wp-json\/wp\/v2\/comments?post=1448"}],"version-history":[{"count":1,"href":"https:\/\/www.ismartmeters.com\/pt-pt\/wp-json\/wp\/v2\/pages\/1448\/revisions"}],"predecessor-version":[{"id":1449,"href":"https:\/\/www.ismartmeters.com\/pt-pt\/wp-json\/wp\/v2\/pages\/1448\/revisions\/1449"}],"up":[{"embeddable":true,"href":"https:\/\/www.ismartmeters.com\/pt-pt\/wp-json\/wp\/v2\/pages\/1444"}],"wp:attachment":[{"href":"https:\/\/www.ismartmeters.com\/pt-pt\/wp-json\/wp\/v2\/media?parent=1448"}],"curies":[{"name":"wp","href":"https:\/\/api.w.org\/{rel}","templated":true}]}}