{"id":1460,"date":"2018-07-26T13:56:49","date_gmt":"2018-07-26T05:56:49","guid":{"rendered":"https:\/\/www.ismartmeters.com\/produtos\/medidor-de-energia-inteligente\/medidor-padrao-ansi\/"},"modified":"2018-07-26T13:56:49","modified_gmt":"2018-07-26T05:56:49","slug":"medidor-padrao-ansi","status":"publish","type":"page","link":"https:\/\/www.ismartmeters.com\/pt-pt\/produtos\/medidor-de-energia-inteligente\/medidor-padrao-ansi\/","title":{"rendered":"Medidor Padr\u00e3o ANSI"},"content":{"rendered":"<div class=\"fusion-fullwidth fullwidth-box nonhundred-percent-fullwidth non-hundred-percent-height-scrolling\"  style='background-color: rgba(255,255,255,0);background-position: center center;background-repeat: no-repeat;padding-top:0px;padding-right:0px;padding-bottom:0px;padding-left:0px;'><div class=\"fusion-builder-row fusion-row \"><div  class=\"fusion-layout-column fusion_builder_column fusion_builder_column_1_1  fusion-one-full fusion-column-first fusion-column-last 1_1\"  style='margin-top:0px;margin-bottom:20px;'>\n\t\t\t\t\t<div class=\"fusion-column-wrapper\" style=\"background-position:left top;background-repeat:no-repeat;-webkit-background-size:cover;-moz-background-size:cover;-o-background-size:cover;background-size:cover;\"  data-bg-url=\"\">\n\t\t\t\t\t\t<style type=\"text\/css\">.fusion-portfolio-wrapper#fusion-portfolio-1 .fusion-portfolio-content{ padding: 25px 25px 25px 25px; text-align: left; }<\/style><div class=\"fusion-recent-works fusion-portfolio-element fusion-portfolio fusion-portfolio-1 fusion-portfolio-grid fusion-portfolio-paging-none fusion-portfolio-three fusion-portfolio-boxed fusion-portfolio-text fusion-portfolio-equal-heights fusion-portfolio-rollover\" data-id=\"-rw-1\" data-columns=\"three\"><div role=\"menubar\"><ul class=\"fusion-filters\" role=\"menu\" aria-label=\"filters\"><li role=\"menuitem\" class=\"fusion-filter fusion-filter-all fusion-active\"><a href=\"#\" data-filter=\"*\">All<\/a><\/li><\/ul><\/div><style type=\"text\/css\">.fusion-portfolio-1 .fusion-portfolio-wrapper .fusion-col-spacing{padding:10px;}<\/style><div class=\"fusion-portfolio-wrapper\" id=\"fusion-portfolio-1\" data-picturesize=\"auto\" data-pages=\"1\" style=\"margin:-10px;\"><article class=\"fusion-portfolio-post medidor-de-norma-ansi fusion-col-spacing\"><div class=\"fusion-portfolio-content-wrapper\" style=\"border:1px solid #ebeaea;border-bottom-width:3px;background-color:rgba(255,255,255,0);\">\n\t\n\t\t\t<span class=\"vcard rich-snippet-hidden\">\n\t\t\t<span class=\"fn\">\n\t\t\t\t<a href=\"https:\/\/www.ismartmeters.com\/pt-pt\/author\/ismartme_patrick\/\" title=\"Artigos de ismartme_patrick\" rel=\"author\">ismartme_patrick<\/a>\t\t\t<\/span>\n\t\t<\/span>\n\t\n\t\t\t<span class=\"updated rich-snippet-hidden\">\n\t\t\t2019-05-02T19:59:04+08:00\t\t<\/span>\n\t\n\n\n<div  class=\"fusion-image-wrapper\" aria-haspopup=\"true\">\n\t\n\t\n\t\t\n\t\t\t\t\t<img loading=\"lazy\" decoding=\"async\" width=\"1000\" height=\"1000\" src=\"https:\/\/www.ismartmeters.com\/wp-content\/uploads\/2017\/10\/Single-Phase-FM-2S-ANSI-Round-Energy-Meter-1-400x400.png\" class=\"attachment-full size-full wp-post-image\" alt=\"Single Phase FM 1S 2S ANSI Round Energy Meter\" srcset=\"https:\/\/www.ismartmeters.com\/wp-content\/uploads\/2017\/10\/Single-Phase-FM-2S-ANSI-Round-Energy-Meter-1-200x200.png 200w, https:\/\/www.ismartmeters.com\/wp-content\/uploads\/2017\/10\/Single-Phase-FM-2S-ANSI-Round-Energy-Meter-1-400x400.png 400w, https:\/\/www.ismartmeters.com\/wp-content\/uploads\/2017\/10\/Single-Phase-FM-2S-ANSI-Round-Energy-Meter-1-600x600.png 600w, https:\/\/www.ismartmeters.com\/wp-content\/uploads\/2017\/10\/Single-Phase-FM-2S-ANSI-Round-Energy-Meter-1-800x800.png 800w, https:\/\/www.ismartmeters.com\/wp-content\/uploads\/2017\/10\/Single-Phase-FM-2S-ANSI-Round-Energy-Meter-1.png 1000w\" sizes=\"auto, (min-width: 2200px) 100vw, (min-width: 784px) 353px, (min-width: 712px) 530px, (min-width: 640px) 712px, \" \/>\n\t\n\n\t\t<div class=\"fusion-rollover\">\n\t<div class=\"fusion-rollover-content\">\n\n\t\t\t\t\t\t\t\t\t\t\t\t\t\t<a class=\"fusion-rollover-link\" href=\"https:\/\/www.ismartmeters.com\/pt-pt\/products\/medidor-de-energia-de-soquete-ansi-de-fase-monofasica-dds1598\/\">Medidor de energia de soquete ANSI de fase monof\u00e1sica DDS1598<\/a>\n\t\t\t\n\t\t\t\t\t\t\t\t\t\t\t\t\t\t\n\t\t\t\t\t\t\t\t\n\t\t\t\t\t\t\t\t\t\t\t\t\t<div class=\"fusion-rollover-sep\"><\/div>\n\t\t\t\t\n\t\t\t\t\t\t\t\t\t\t\t\t\t\t\t\t\t\t<a class=\"fusion-rollover-gallery\" href=\"https:\/\/www.ismartmeters.com\/wp-content\/uploads\/2017\/10\/Single-Phase-FM-2S-ANSI-Round-Energy-Meter-1.png\" data-id=\"1613\" data-rel=\"iLightbox[gallery-rw-1]\" data-title=\"Single Phase FM 2S ANSI Round Energy Meter\" data-caption=\"Single Phase FM 1S 2S ANSI Round Energy Meter\">\n\t\t\t\t\t\tGallery\t\t\t\t\t<\/a>\n\t\t\t\t\t\t\t\t\t\t\t\t\t\t\n\t\t\t\t\n\t\t\t\t\t\t\t\t\n\t\t\t\t\t\t\t\t\n\t\t\n\t\t\t\t<a class=\"fusion-link-wrapper\" href=\"https:\/\/www.ismartmeters.com\/pt-pt\/products\/medidor-de-energia-de-soquete-ansi-de-fase-monofasica-dds1598\/\" aria-label=\"Medidor de energia de soquete ANSI de fase monof\u00e1sica DDS1598\"><\/a>\n\t<\/div>\n<\/div>\n\n\t\n<\/div>\n<div class=\"fusion-portfolio-content\" style=\"background-color:rgba(255,255,255,0);\"><h2 class=\"entry-title fusion-post-title\"><a href=\"https:\/\/www.ismartmeters.com\/pt-pt\/products\/medidor-de-energia-de-soquete-ansi-de-fase-monofasica-dds1598\/\">Medidor de energia de soquete ANSI de fase monof\u00e1sica DDS1598<\/a><\/h2><div class=\"fusion-content-sep sep-double sep-solid\" style=\"border-color:#e0dede;\"><\/div><div class=\"fusion-post-content\"><p>     O medidor de watt-hora tipo soquete ANSI monof\u00e1sico DDS1598 \u00e9 um medidor residencial de energia el\u00e9trica de estado s\u00f3lido que fornece \u00e0s concession\u00e1rias de energia uma precis\u00e3o digital inigual\u00e1vel, confiabilidade [...]<\/p><\/div><\/div><\/div><\/article><\/div><\/div><div class=\"fusion-clearfix\"><\/div>\n\n\t\t\t\t\t<\/div>\n\t\t\t\t<\/div><\/div><\/div>\n","protected":false},"excerpt":{"rendered":"","protected":false},"author":1,"featured_media":0,"parent":1448,"menu_order":3,"comment_status":"closed","ping_status":"closed","template":"100-width.php","meta":{"_uf_show_specific_survey":0,"_uf_disable_surveys":false,"footnotes":""},"class_list":["post-1460","page","type-page","status-publish","hentry"],"aioseo_notices":[],"_links":{"self":[{"href":"https:\/\/www.ismartmeters.com\/pt-pt\/wp-json\/wp\/v2\/pages\/1460","targetHints":{"allow":["GET"]}}],"collection":[{"href":"https:\/\/www.ismartmeters.com\/pt-pt\/wp-json\/wp\/v2\/pages"}],"about":[{"href":"https:\/\/www.ismartmeters.com\/pt-pt\/wp-json\/wp\/v2\/types\/page"}],"author":[{"embeddable":true,"href":"https:\/\/www.ismartmeters.com\/pt-pt\/wp-json\/wp\/v2\/users\/1"}],"replies":[{"embeddable":true,"href":"https:\/\/www.ismartmeters.com\/pt-pt\/wp-json\/wp\/v2\/comments?post=1460"}],"version-history":[{"count":1,"href":"https:\/\/www.ismartmeters.com\/pt-pt\/wp-json\/wp\/v2\/pages\/1460\/revisions"}],"predecessor-version":[{"id":1461,"href":"https:\/\/www.ismartmeters.com\/pt-pt\/wp-json\/wp\/v2\/pages\/1460\/revisions\/1461"}],"up":[{"embeddable":true,"href":"https:\/\/www.ismartmeters.com\/pt-pt\/wp-json\/wp\/v2\/pages\/1448"}],"wp:attachment":[{"href":"https:\/\/www.ismartmeters.com\/pt-pt\/wp-json\/wp\/v2\/media?parent=1460"}],"curies":[{"name":"wp","href":"https:\/\/api.w.org\/{rel}","templated":true}]}}