{"id":1506,"date":"2018-07-26T15:10:58","date_gmt":"2018-07-26T07:10:58","guid":{"rendered":"https:\/\/www.ismartmeters.com\/solucoes\/solucao-de-pre-pagamento\/"},"modified":"2018-07-26T15:10:58","modified_gmt":"2018-07-26T07:10:58","slug":"solucao-de-pre-pagamento","status":"publish","type":"page","link":"https:\/\/www.ismartmeters.com\/pt-pt\/solucoes\/solucao-de-pre-pagamento\/","title":{"rendered":"Solu\u00e7\u00e3o de pr\u00e9-pagamento"},"content":{"rendered":"<div class=\"fusion-fullwidth fullwidth-box nonhundred-percent-fullwidth non-hundred-percent-height-scrolling\"  style='background-color: rgba(255,255,255,0);background-position: center center;background-repeat: no-repeat;padding-top:0px;padding-right:0px;padding-bottom:0px;padding-left:0px;'><div class=\"fusion-builder-row fusion-row \"><div  class=\"fusion-layout-column fusion_builder_column fusion_builder_column_1_1  fusion-one-full fusion-column-first fusion-column-last 1_1\"  style='margin-top:0px;margin-bottom:20px;'>\n\t\t\t\t\t<div class=\"fusion-column-wrapper\" style=\"background-position:left top;background-repeat:no-repeat;-webkit-background-size:cover;-moz-background-size:cover;-o-background-size:cover;background-size:cover;\"  data-bg-url=\"\">\n\t\t\t\t\t\t<div class=\"imageframe-align-center\"><span class=\"fusion-imageframe imageframe-none imageframe-1 hover-type-none\"><img loading=\"lazy\" decoding=\"async\" src=\"https:\/\/www.ismartmeters.com\/wp-content\/uploads\/2017\/10\/STS-Prepayment-Vending-Solution-with-AMI.png\" width=\"1648\" height=\"1120\" alt=\"\" title=\"STS Prepayment Vending Solution with AMI\" class=\"img-responsive wp-image-1067\" srcset=\"https:\/\/www.ismartmeters.com\/wp-content\/uploads\/2017\/10\/STS-Prepayment-Vending-Solution-with-AMI-200x136.png 200w, https:\/\/www.ismartmeters.com\/wp-content\/uploads\/2017\/10\/STS-Prepayment-Vending-Solution-with-AMI-400x272.png 400w, https:\/\/www.ismartmeters.com\/wp-content\/uploads\/2017\/10\/STS-Prepayment-Vending-Solution-with-AMI-600x408.png 600w, https:\/\/www.ismartmeters.com\/wp-content\/uploads\/2017\/10\/STS-Prepayment-Vending-Solution-with-AMI-800x544.png 800w, https:\/\/www.ismartmeters.com\/wp-content\/uploads\/2017\/10\/STS-Prepayment-Vending-Solution-with-AMI-1200x816.png 1200w, https:\/\/www.ismartmeters.com\/wp-content\/uploads\/2017\/10\/STS-Prepayment-Vending-Solution-with-AMI.png 1648w\" sizes=\"auto, (max-width: 800px) 100vw, 1200px\" \/><\/span><\/div><div class=\"fusion-clearfix\"><\/div>\n\n\t\t\t\t\t<\/div>\n\t\t\t\t<\/div><\/div><\/div>\n","protected":false},"excerpt":{"rendered":"","protected":false},"author":1,"featured_media":0,"parent":1489,"menu_order":3,"comment_status":"closed","ping_status":"closed","template":"100-width.php","meta":{"_uf_show_specific_survey":0,"_uf_disable_surveys":false,"footnotes":""},"class_list":["post-1506","page","type-page","status-publish","hentry"],"aioseo_notices":[],"_links":{"self":[{"href":"https:\/\/www.ismartmeters.com\/pt-pt\/wp-json\/wp\/v2\/pages\/1506","targetHints":{"allow":["GET"]}}],"collection":[{"href":"https:\/\/www.ismartmeters.com\/pt-pt\/wp-json\/wp\/v2\/pages"}],"about":[{"href":"https:\/\/www.ismartmeters.com\/pt-pt\/wp-json\/wp\/v2\/types\/page"}],"author":[{"embeddable":true,"href":"https:\/\/www.ismartmeters.com\/pt-pt\/wp-json\/wp\/v2\/users\/1"}],"replies":[{"embeddable":true,"href":"https:\/\/www.ismartmeters.com\/pt-pt\/wp-json\/wp\/v2\/comments?post=1506"}],"version-history":[{"count":1,"href":"https:\/\/www.ismartmeters.com\/pt-pt\/wp-json\/wp\/v2\/pages\/1506\/revisions"}],"predecessor-version":[{"id":1507,"href":"https:\/\/www.ismartmeters.com\/pt-pt\/wp-json\/wp\/v2\/pages\/1506\/revisions\/1507"}],"up":[{"embeddable":true,"href":"https:\/\/www.ismartmeters.com\/pt-pt\/wp-json\/wp\/v2\/pages\/1489"}],"wp:attachment":[{"href":"https:\/\/www.ismartmeters.com\/pt-pt\/wp-json\/wp\/v2\/media?parent=1506"}],"curies":[{"name":"wp","href":"https:\/\/api.w.org\/{rel}","templated":true}]}}